{"id":890,"date":"2018-11-08T18:24:43","date_gmt":"2018-11-08T21:24:43","guid":{"rendered":"https:\/\/isfdyt57-bue.infd.edu.ar\/sitio\/?page_id=890"},"modified":"2018-11-08T18:48:00","modified_gmt":"2018-11-08T21:48:00","slug":"tecnicatura-superior-en-psicopedagogia","status":"publish","type":"page","link":"https:\/\/isfdyt57-bue.infd.edu.ar\/sitio\/tecnicatura-superior-en-psicopedagogia\/","title":{"rendered":"Tecnicatura Superior en Psicopedagog\u00eda"},"content":{"rendered":"<p style=\"text-align: center;\"><strong><u>Tecnicatura Superior en Psicopedagog\u00eda<\/u><\/strong><\/p>\n<p>T\u00edtulo: Psicopedagogo\/a<\/p>\n<p>Res: 2460\/11 <a href=\"https:\/\/isfdyt57-bue.infd.edu.ar\/sitio\/wp-content\/uploads\/2018\/11\/PSICOPEDAGOG\u00cdA.-R-N\u00ba-2460-11.pdf\">Click aqu\u00ed<\/a><\/p>\n<p>Duraci\u00f3n 4 a\u00f1os<\/p>\n<p><strong>Competencia General<\/strong><\/p>\n<p>El Psicopedagogo estar\u00e1 capacitado para prevenir, diagnosticar y realizar intervenciones de asesoramiento, orientaci\u00f3n y tratamiento en toda situaci\u00f3n donde el aprendizaje y sus vicisitudes se pongan en juego, tanto en \u00e1mbitos de la salud, educativos, laborales y socio-comunitarios, y que faciliten en los sujetos de diversas edades la construcci\u00f3n de sus proyectos de vida en la comunidad; asumiendo una actitud reflexiva y \u00e9tica de su accionar y quehacer y del lugar social que ocupan sus producciones.<\/p>\n","protected":false},"excerpt":{"rendered":"<p>Tecnicatura Superior en Psicopedagog\u00eda T\u00edtulo: Psicopedagogo\/a Res: 2460\/11 Click aqu\u00ed Duraci\u00f3n 4 a\u00f1os Competencia General El Psicopedagogo estar\u00e1 capacitado para prevenir, diagnosticar y realizar intervenciones de asesoramiento, orientaci\u00f3n y tratamiento en toda situaci\u00f3n donde el aprendizaje y sus vicisitudes se pongan en juego, tanto en \u00e1mbitos de la salud, educativos, laborales y socio-comunitarios, y que &#8230; <a title=\"Tecnicatura Superior en Psicopedagog\u00eda\" class=\"read-more\" href=\"https:\/\/isfdyt57-bue.infd.edu.ar\/sitio\/tecnicatura-superior-en-psicopedagogia\/\" aria-label=\"More on Tecnicatura Superior en Psicopedagog\u00eda\">[+]<\/a><\/p>\n","protected":false},"author":396,"featured_media":0,"parent":0,"menu_order":0,"comment_status":"closed","ping_status":"closed","template":"","meta":[],"acf":[],"_links":{"self":[{"href":"https:\/\/isfdyt57-bue.infd.edu.ar\/sitio\/wp-json\/wp\/v2\/pages\/890"}],"collection":[{"href":"https:\/\/isfdyt57-bue.infd.edu.ar\/sitio\/wp-json\/wp\/v2\/pages"}],"about":[{"href":"https:\/\/isfdyt57-bue.infd.edu.ar\/sitio\/wp-json\/wp\/v2\/types\/page"}],"author":[{"embeddable":true,"href":"https:\/\/isfdyt57-bue.infd.edu.ar\/sitio\/wp-json\/wp\/v2\/users\/396"}],"replies":[{"embeddable":true,"href":"https:\/\/isfdyt57-bue.infd.edu.ar\/sitio\/wp-json\/wp\/v2\/comments?post=890"}],"version-history":[{"count":3,"href":"https:\/\/isfdyt57-bue.infd.edu.ar\/sitio\/wp-json\/wp\/v2\/pages\/890\/revisions"}],"predecessor-version":[{"id":903,"href":"https:\/\/isfdyt57-bue.infd.edu.ar\/sitio\/wp-json\/wp\/v2\/pages\/890\/revisions\/903"}],"wp:attachment":[{"href":"https:\/\/isfdyt57-bue.infd.edu.ar\/sitio\/wp-json\/wp\/v2\/media?parent=890"}],"curies":[{"name":"wp","href":"https:\/\/api.w.org\/{rel}","templated":true}]}}