{"id":852,"date":"2018-08-29T15:55:27","date_gmt":"2018-08-29T18:55:27","guid":{"rendered":"https:\/\/isfdyt57-bue.infd.edu.ar\/sitio\/tecnicatura-en-administracion-con-orientacion-en-marketing\/"},"modified":"2018-11-08T18:45:02","modified_gmt":"2018-11-08T21:45:02","slug":"tecnicatura-en-administracion-con-orientacion-en-marketing","status":"publish","type":"page","link":"https:\/\/isfdyt57-bue.infd.edu.ar\/sitio\/tecnicatura-en-administracion-con-orientacion-en-marketing\/","title":{"rendered":"Tecnicatura en Administraci\u00f3n Con Orientaci\u00f3n en Marketing"},"content":{"rendered":"<p style=\"text-align: center;\"><strong><u>Tecnicatura en Administraci\u00f3n Con Orientaci\u00f3n en Marketing<\/u><\/strong><\/p>\n<p style=\"margin: 0cm 0cm 0pt 19.85pt; text-align: left; text-indent: -19.85pt; mso-list: l0 level1 lfo1; tab-stops: list 19.85pt;\">T\u00edtulo:\u00a0\u00a0\u00a0\u00a0\u00a0 T\u00e9cnico Superior en Administraci\u00f3n\u00a0con Orientaci\u00f3n en Marketing<\/p>\n<p style=\"margin: 0cm 0cm 0pt 19.85pt; text-align: left; text-indent: -19.85pt; mso-list: l0 level1 lfo1; tab-stops: list 19.85pt;\">Res.:\u00a0 \u00a0 \u00a0 \u00a0 \u00a05834\/03\u00a0\u00a0<a title=\"TEC._SUP._EN_ADMIN._CON_ORIENT._EN_MARKETING_R.583403\" href=\"upload\/TEC._SUP._EN_ADMIN._CON_ORIENT._EN_MARKETING_R.583403.pdf\" target=\"_blank\" rel=\"noopener\">Click aqu\u00ed<\/a><\/p>\n<p style=\"margin: 0cm 0cm 0pt 19.85pt; text-align: left; text-indent: -19.85pt; mso-list: l0 level1 lfo1; tab-stops: list 19.85pt;\">Duraci\u00f3n:\u00a0\u00a03 A\u00f1os<\/p>\n<p><strong>Competencia General<\/strong><\/p>\n<p style=\"margin: 0cm 0cm 0pt 19.85pt; text-indent: -19.85pt; text-align: left;\">Los Administradores con Orientaci\u00f3n en Marketing est\u00e1n capacitados para gestionar los recursos de las organizaciones empresariales o p\u00fablicas, permitiendo tambi\u00e9n el posicionamiento de los productos y servicios que ofrecen a los potenciales clientes o beneficiarios.<\/p>\n<p style=\"margin: 0cm 14.2pt 0pt; text-indent: 21.2pt; text-align: justify;\">\n","protected":false},"excerpt":{"rendered":"<p>Tecnicatura en Administraci\u00f3n Con Orientaci\u00f3n en Marketing T\u00edtulo:\u00a0\u00a0\u00a0\u00a0\u00a0 T\u00e9cnico Superior en Administraci\u00f3n\u00a0con Orientaci\u00f3n en Marketing Res.:\u00a0 \u00a0 \u00a0 \u00a0 \u00a05834\/03\u00a0\u00a0Click aqu\u00ed Duraci\u00f3n:\u00a0\u00a03 A\u00f1os Competencia General Los Administradores con Orientaci\u00f3n en Marketing est\u00e1n capacitados para gestionar los recursos de las organizaciones empresariales o p\u00fablicas, permitiendo tambi\u00e9n el posicionamiento de los productos y servicios que ofrecen a &#8230; <a title=\"Tecnicatura en Administraci\u00f3n Con Orientaci\u00f3n en Marketing\" class=\"read-more\" href=\"https:\/\/isfdyt57-bue.infd.edu.ar\/sitio\/tecnicatura-en-administracion-con-orientacion-en-marketing\/\" aria-label=\"More on Tecnicatura en Administraci\u00f3n Con Orientaci\u00f3n en Marketing\">[+]<\/a><\/p>\n","protected":false},"author":382,"featured_media":0,"parent":0,"menu_order":0,"comment_status":"closed","ping_status":"closed","template":"","meta":[],"acf":[],"_links":{"self":[{"href":"https:\/\/isfdyt57-bue.infd.edu.ar\/sitio\/wp-json\/wp\/v2\/pages\/852"}],"collection":[{"href":"https:\/\/isfdyt57-bue.infd.edu.ar\/sitio\/wp-json\/wp\/v2\/pages"}],"about":[{"href":"https:\/\/isfdyt57-bue.infd.edu.ar\/sitio\/wp-json\/wp\/v2\/types\/page"}],"author":[{"embeddable":true,"href":"https:\/\/isfdyt57-bue.infd.edu.ar\/sitio\/wp-json\/wp\/v2\/users\/382"}],"replies":[{"embeddable":true,"href":"https:\/\/isfdyt57-bue.infd.edu.ar\/sitio\/wp-json\/wp\/v2\/comments?post=852"}],"version-history":[{"count":3,"href":"https:\/\/isfdyt57-bue.infd.edu.ar\/sitio\/wp-json\/wp\/v2\/pages\/852\/revisions"}],"predecessor-version":[{"id":901,"href":"https:\/\/isfdyt57-bue.infd.edu.ar\/sitio\/wp-json\/wp\/v2\/pages\/852\/revisions\/901"}],"wp:attachment":[{"href":"https:\/\/isfdyt57-bue.infd.edu.ar\/sitio\/wp-json\/wp\/v2\/media?parent=852"}],"curies":[{"name":"wp","href":"https:\/\/api.w.org\/{rel}","templated":true}]}}