{"id":849,"date":"2018-08-29T15:55:26","date_gmt":"2018-08-29T18:55:26","guid":{"rendered":"https:\/\/isfdyt57-bue.infd.edu.ar\/sitio\/tecnicatura-superior-en-acompanamiento-terapeutico\/"},"modified":"2018-11-08T18:46:32","modified_gmt":"2018-11-08T21:46:32","slug":"tecnicatura-superior-en-acompanamiento-terapeutico","status":"publish","type":"page","link":"https:\/\/isfdyt57-bue.infd.edu.ar\/sitio\/tecnicatura-superior-en-acompanamiento-terapeutico\/","title":{"rendered":"Tecnicatura superior en acompa\u00f1amiento terap\u00e9utico"},"content":{"rendered":"<p style=\"text-align: center;\"><span style=\"font-size: 18pt;\"><strong>\u00a0<\/strong><\/span><strong><u>Tecnicatura superior en acompa\u00f1amiento terap\u00e9utico<\/u><\/strong><\/p>\n<p>&nbsp;<\/p>\n<p style=\"text-align: left;\"><span style=\"font-size: 14pt;\">T\u00edtulo:\u00a0<strong>T\u00e9cnico superior en acompa\u00f1amiento terap\u00e9utico<\/strong><\/span><\/p>\n<p style=\"text-align: left;\"><span style=\"font-size: 14pt;\">Res.:\u00a01221\/15 <span style=\"text-decoration: underline;\"><a title=\"T\u00e9cnico superior en acompa\u00f1amiento terap\u00e9utico\" href=\"upload\/ACOMPAN_AMIENTO_TERAPEUTICO_Res._1221-15.pdf\" target=\"_blank\" rel=\"noopener\">Click aqu\u00ed<\/a><\/span><\/span><\/p>\n<p style=\"text-align: left;\"><span style=\"font-size: 14pt;\">Duraci\u00f3n: 3 a\u00f1os<\/span><\/p>\n<p><strong>Competencia General<\/strong><\/p>\n<p><span style=\"font-size: 14pt;\">El T\u00e9cnico superior en acompa\u00f1amiento terap\u00e9utico es un profesional del campo de salud mental, que interviene en el abordaje de las personas con padecimientos mentales, en el marco de la indicaci\u00f3n de un quipo interdisciplinario (o en su defecto, de un profesional tratante), operando como coordinador de otros acompa\u00f1antes terap\u00e9uticos para facilitar y mediar en la rehabilitaci\u00f3n, la prevenci\u00f3n de posibles reca\u00eddas, la identificaci\u00f3n y anticipaci\u00f3n de situaciones de riesgos, y la vinculaci\u00f3n social de las otras personas con padecimientos mentales.<\/span><\/p>\n<p style=\"text-align: left;\"><span style=\"font-size: 14pt;\">\u00a0<\/span><\/p>\n","protected":false},"excerpt":{"rendered":"<p>\u00a0Tecnicatura superior en acompa\u00f1amiento terap\u00e9utico &nbsp; T\u00edtulo:\u00a0T\u00e9cnico superior en acompa\u00f1amiento terap\u00e9utico Res.:\u00a01221\/15 Click aqu\u00ed Duraci\u00f3n: 3 a\u00f1os Competencia General El T\u00e9cnico superior en acompa\u00f1amiento terap\u00e9utico es un profesional del campo de salud mental, que interviene en el abordaje de las personas con padecimientos mentales, en el marco de la indicaci\u00f3n de un quipo interdisciplinario (o &#8230; <a title=\"Tecnicatura superior en acompa\u00f1amiento terap\u00e9utico\" class=\"read-more\" href=\"https:\/\/isfdyt57-bue.infd.edu.ar\/sitio\/tecnicatura-superior-en-acompanamiento-terapeutico\/\" aria-label=\"More on Tecnicatura superior en acompa\u00f1amiento terap\u00e9utico\">[+]<\/a><\/p>\n","protected":false},"author":382,"featured_media":0,"parent":0,"menu_order":0,"comment_status":"closed","ping_status":"closed","template":"","meta":[],"acf":[],"_links":{"self":[{"href":"https:\/\/isfdyt57-bue.infd.edu.ar\/sitio\/wp-json\/wp\/v2\/pages\/849"}],"collection":[{"href":"https:\/\/isfdyt57-bue.infd.edu.ar\/sitio\/wp-json\/wp\/v2\/pages"}],"about":[{"href":"https:\/\/isfdyt57-bue.infd.edu.ar\/sitio\/wp-json\/wp\/v2\/types\/page"}],"author":[{"embeddable":true,"href":"https:\/\/isfdyt57-bue.infd.edu.ar\/sitio\/wp-json\/wp\/v2\/users\/382"}],"replies":[{"embeddable":true,"href":"https:\/\/isfdyt57-bue.infd.edu.ar\/sitio\/wp-json\/wp\/v2\/comments?post=849"}],"version-history":[{"count":2,"href":"https:\/\/isfdyt57-bue.infd.edu.ar\/sitio\/wp-json\/wp\/v2\/pages\/849\/revisions"}],"predecessor-version":[{"id":902,"href":"https:\/\/isfdyt57-bue.infd.edu.ar\/sitio\/wp-json\/wp\/v2\/pages\/849\/revisions\/902"}],"wp:attachment":[{"href":"https:\/\/isfdyt57-bue.infd.edu.ar\/sitio\/wp-json\/wp\/v2\/media?parent=849"}],"curies":[{"name":"wp","href":"https:\/\/api.w.org\/{rel}","templated":true}]}}