{"id":824,"date":"2018-08-29T15:55:17","date_gmt":"2018-08-29T18:55:17","guid":{"rendered":"https:\/\/isfdyt57-bue.infd.edu.ar\/sitio\/tecnicatura-en-higiene-y-seguridad-en-el-trabajo\/"},"modified":"2022-10-31T20:37:11","modified_gmt":"2022-10-31T23:37:11","slug":"tecnicatura-en-higiene-y-seguridad-en-el-trabajo","status":"publish","type":"page","link":"https:\/\/isfdyt57-bue.infd.edu.ar\/sitio\/tecnicatura-en-higiene-y-seguridad-en-el-trabajo\/","title":{"rendered":"Tecnicatura en Higiene y Seguridad en el Trabajo"},"content":{"rendered":"<p class=\"MsoBodyText\" style=\"margin: 0cm 0cm 0pt 19.85pt; text-indent: -19.85pt; text-align: center; mso-list: l0 level1 lfo1; tab-stops: list 19.85pt;\"><strong><span lang=\"ES-TRAD\" style=\"font-size: 11pt; font-family: Arial; mso-bidi-font-size: 10.0pt;\"><span style=\"text-decoration: underline;\">\u00a0<\/span><\/span><\/strong><\/p>\n<p class=\"MsoBodyText\" style=\"margin: 0cm 0cm 0pt 19.85pt; text-indent: -19.85pt; text-align: center; mso-list: l0 level1 lfo1; tab-stops: list 19.85pt;\">\n<p class=\"MsoBodyText\" style=\"margin: 0cm 0cm 0pt 19.85pt; text-align: left; text-indent: -19.85pt; mso-list: l0 level1 lfo1; tab-stops: list 19.85pt;\">T\u00edtulo:\u00a0\u00a0\u00a0\u00a0\u00a0\u00a0\u00a0 T\u00e9cnico en Higiene y Seguridad en el Trabajo<\/p>\n<p class=\"MsoBodyText\" style=\"margin: 0cm 0cm 0pt 19.85pt; text-align: left; text-indent: -19.85pt; mso-list: l0 level1 lfo1; tab-stops: list 19.85pt;\">Res.:\u00a0\u00a0\u00a0\u00a0\u00a0\u00a0\u00a0\u00a0\u00a0\u00a0\u00a0320\/13 \u00a0 \u00a0 \u00a0 <span style=\"text-decoration: underline;\"><a title=\"Res.Higiene y Seguridad en el Trabajo\" href=\"upload\/TECNICATURA_SUPERIOR_EN_HIGIENE_Y_SEGURIDAD_EN_EL_TRABAJO.pdf\" target=\"_blank\" rel=\"noopener\">Click aqui<\/a><\/span><\/p>\n<p class=\"MsoBodyText\" style=\"margin: 0cm 0cm 0pt 19.85pt; text-align: left; text-indent: -19.85pt; mso-list: l0 level1 lfo1; tab-stops: list 19.85pt;\">Duraci\u00f3n:\u00a0\u00a0\u00a0 3 A\u00f1os<img decoding=\"async\" loading=\"lazy\" class=\"wp-image-1640 alignright\" src=\"https:\/\/isfdyt57-bue.infd.edu.ar\/sitio\/wp-content\/uploads\/2022\/10\/H-y-S.jpg\" alt=\"\" width=\"336\" height=\"247\" \/><\/p>\n<p class=\"MsoBodyText\" style=\"margin: 0cm 0cm 0pt 19.85pt; text-align: center; text-indent: -19.85pt; mso-list: l0 level1 lfo1; tab-stops: list 19.85pt;\"><span style=\"font-size: x-small; font-family: Times New Roman;\">\u00a0<\/span><\/p>\n<h1 style=\"text-align: left;\"><span style=\"font-weight: 400;\">PERFIL PROFESIONAL<\/span><\/h1>\n<p style=\"text-align: left;\"><span style=\"font-weight: 400;\">COMPETENCIA GENERAL<\/span><\/p>\n<p style=\"text-align: left;\"><span style=\"font-weight: 400;\">El\/la T\u00e9cnico\/a Superior en Seguridad e Higiene en el Trabajo es un\/a profesional competente para la organizaci\u00f3n, la planificaci\u00f3n y organizaci\u00f3n de actividades, el dise\u00f1o, la gesti\u00f3n de los recursos de los servicios, la evaluaci\u00f3n y control y la capacitaci\u00f3n en aspectos inherentes a la higiene y seguridad en el trabajo. \u00a0 \u00a0 \u00a0 \u00a0 \u00a0 \u00a0 \u00a0 \u00a0 \u00a0 \u00a0 \u00a0 \u00a0 \u00a0 \u00a0 \u00a0 \u00a0 \u00a0 \u00a0 \u00a0 \u00a0 \u00a0 \u00a0 \u00a0 \u00a0 \u00a0 \u00a0 \u00a0 \u00a0 \u00a0 \u00a0 \u00a0 \u00a0 \u00a0 \u00a0 \u00a0 \u00a0 \u00a0 \u00a0 \u00a0 \u00a0 \u00a0 \u00a0 \u00a0 \u00a0 \u00a0 \u00a0 \u00a0 \u00a0 \u00a0 \u00a0 \u00a0<\/span><\/p>\n<p style=\"text-align: left;\"><span style=\"font-weight: 400;\"> Puede dise\u00f1ar, inspeccionar y controlar equipos y elementos de protecci\u00f3n personal y colectiva, como as\u00ed tambi\u00e9n; instalaciones en ambientes de trabajo en los que se desarrollen actividades con riesgos asociados a iluminaci\u00f3n, ventilaci\u00f3n, radiaciones, carga t\u00e9rmica, ruidos y vibraciones, incendios y\/o explosiones, transporte y\/o manipulaci\u00f3n de materiales, contaminaci\u00f3n y afluentes industriales. Realiza el an\u00e1lisis, evaluaci\u00f3n y control de situaciones en las que existen contaminantes qu\u00edmicos, biol\u00f3gicos, f\u00edsicos y ergon\u00f3micos en ambientes laborales. Colabora en la implementaci\u00f3n y desarrollo de programas de trabajo en materia de higiene y seguridad laboral y programas de capacitaci\u00f3n para la prevenci\u00f3n y la protecci\u00f3n de riesgos laborales. Asiste en la caracterizaci\u00f3n de puestos de trabajo, en funci\u00f3n de los riesgos laborales con intervenci\u00f3n en la selecci\u00f3n e ingreso de personal.<\/span><\/p>\n<h1 style=\"text-align: left;\"><span style=\"font-weight: 400;\">\u00c1REAS DE COMPETENCIA<\/span><\/h1>\n<p style=\"text-align: left;\"><span style=\"font-weight: 400;\">Planificar y organizar actividades relacionadas con la seguridad e higiene en ambientes de trabajo.\u00a0 \u00a0 \u00a0 \u00a0 \u00a0 \u00a0 \u00a0 \u00a0 \u00a0 \u00a0 \u00a0 \u00a0 \u00a0 \u00a0 \u00a0 \u00a0 \u00a0 \u00a0 \u00a0 \u00a0 \u00a0 \u00a0 \u00a0 \u00a0 \u00a0 \u00a0 \u00a0 \u00a0 \u00a0 \u00a0 \u00a0 \u00a0 \u00a0 <\/span><span style=\"font-weight: 400;\">Dise\u00f1ar procesos, puestos de trabajo, dispositivos, instalaciones, equipos y productos, con un enfoque preventivo y ergon\u00f3mico, para ser utilizados en \u00e1mbitos laborales. Gestionar los recursos de los servicios de seguridad e higiene de las organizaciones, confeccionando la documentaci\u00f3n demandada por los organismos de fiscalizaci\u00f3n correspondientes. Evaluar y controlar, realizando los procesos de medici\u00f3n y supervisi\u00f3n, de los aspectos relacionados con la higiene y seguridad en el trabajo. Capacitar en la prevenci\u00f3n de riesgos y enfermedades profesionales, coordinando acciones con los distintos sectores de la organizaci\u00f3n productiva.<\/span><\/p>\n<h1 style=\"text-align: left;\"><span style=\"font-weight: 400;\">\u00c1REA OCUPACIONAL<\/span><\/h1>\n<p style=\"text-align: left;\"><span style=\"font-weight: 400;\">El\/la T\u00e9cnico\/a Superior en Seguridad e Higiene en el Trabajo puede desempe\u00f1arse en los servicios de Seguridad e Higiene de las m\u00e1s diversas organizaciones, tales como empresas industriales, comerciales, de servicios, de la construcci\u00f3n y actividades laborales en general. Asimismo, es capaz de actuar como asesor\/a externo\/a de dichas organizaciones, brindado el asesoramiento seg\u00fan la normativa y legislaci\u00f3n vigente, interviniendo preventivamente para evitar accidentes y enfermedades profesionales.<\/span><\/p>\n<p class=\"MsoNormal\" style=\"margin: 0cm 0cm 0pt; text-align: left;\"><span style=\"font-size: 11pt; font-family: Arial;\"><strong><span style=\"text-decoration: underline;\">\u00a0<\/span><\/strong><\/span><\/p>\n","protected":false},"excerpt":{"rendered":"<p>\u00a0 T\u00edtulo:\u00a0\u00a0\u00a0\u00a0\u00a0\u00a0\u00a0 T\u00e9cnico en Higiene y Seguridad en el Trabajo Res.:\u00a0\u00a0\u00a0\u00a0\u00a0\u00a0\u00a0\u00a0\u00a0\u00a0\u00a0320\/13 \u00a0 \u00a0 \u00a0 Click aqui Duraci\u00f3n:\u00a0\u00a0\u00a0 3 A\u00f1os \u00a0 PERFIL PROFESIONAL COMPETENCIA GENERAL El\/la T\u00e9cnico\/a Superior en Seguridad e Higiene en el Trabajo es un\/a profesional competente para la organizaci\u00f3n, la planificaci\u00f3n y organizaci\u00f3n de actividades, el dise\u00f1o, la gesti\u00f3n de los recursos de &#8230; <a title=\"Tecnicatura en Higiene y Seguridad en el Trabajo\" class=\"read-more\" href=\"https:\/\/isfdyt57-bue.infd.edu.ar\/sitio\/tecnicatura-en-higiene-y-seguridad-en-el-trabajo\/\" aria-label=\"More on Tecnicatura en Higiene y Seguridad en el Trabajo\">[+]<\/a><\/p>\n","protected":false},"author":382,"featured_media":0,"parent":0,"menu_order":0,"comment_status":"closed","ping_status":"closed","template":"","meta":[],"acf":[],"_links":{"self":[{"href":"https:\/\/isfdyt57-bue.infd.edu.ar\/sitio\/wp-json\/wp\/v2\/pages\/824"}],"collection":[{"href":"https:\/\/isfdyt57-bue.infd.edu.ar\/sitio\/wp-json\/wp\/v2\/pages"}],"about":[{"href":"https:\/\/isfdyt57-bue.infd.edu.ar\/sitio\/wp-json\/wp\/v2\/types\/page"}],"author":[{"embeddable":true,"href":"https:\/\/isfdyt57-bue.infd.edu.ar\/sitio\/wp-json\/wp\/v2\/users\/382"}],"replies":[{"embeddable":true,"href":"https:\/\/isfdyt57-bue.infd.edu.ar\/sitio\/wp-json\/wp\/v2\/comments?post=824"}],"version-history":[{"count":3,"href":"https:\/\/isfdyt57-bue.infd.edu.ar\/sitio\/wp-json\/wp\/v2\/pages\/824\/revisions"}],"predecessor-version":[{"id":1642,"href":"https:\/\/isfdyt57-bue.infd.edu.ar\/sitio\/wp-json\/wp\/v2\/pages\/824\/revisions\/1642"}],"wp:attachment":[{"href":"https:\/\/isfdyt57-bue.infd.edu.ar\/sitio\/wp-json\/wp\/v2\/media?parent=824"}],"curies":[{"name":"wp","href":"https:\/\/api.w.org\/{rel}","templated":true}]}}