{"id":823,"date":"2018-08-29T15:55:16","date_gmt":"2018-08-29T18:55:16","guid":{"rendered":"https:\/\/isfdyt57-bue.infd.edu.ar\/sitio\/tecnicatura-en-trabajo-social\/"},"modified":"2019-11-06T19:55:07","modified_gmt":"2019-11-06T22:55:07","slug":"tecnicatura-en-trabajo-social","status":"publish","type":"page","link":"https:\/\/isfdyt57-bue.infd.edu.ar\/sitio\/tecnicatura-en-trabajo-social\/","title":{"rendered":"Tecnicatura Superior en Comunicaci\u00f3n Multimedial"},"content":{"rendered":"<p>&nbsp;<\/p>\n<p class=\"MsoNormal\" style=\"margin: 0cm 0cm 0pt 19.85pt; text-indent: -19.85pt; text-align: center; mso-list: l0 level1 lfo1; tab-stops: list 19.85pt;\"><span style=\"text-decoration: underline;\" data-mce-mark=\"1\"><strong style=\"mso-bidi-font-weight: normal;\"><span lang=\"ES-TRAD\" style=\"font-size: 11pt; font-family: Arial; letter-spacing: -0.2pt; mso-bidi-font-size: 10.0pt; mso-ansi-language: ES-TRAD;\" data-mce-mark=\"1\">TECNICATURA SUPERIOR<\/span><\/strong><strong style=\"mso-bidi-font-weight: normal;\"><span lang=\"ES-TRAD\" style=\"font-size: 11pt; font-family: Arial; mso-bidi-font-size: 10.0pt; mso-ansi-language: ES-TRAD;\" data-mce-mark=\"1\"> EN COMNICACI\u00d3N MULTIMEDIAL<\/span><\/strong><\/span><\/p>\n<p class=\"MsoNormal\" style=\"margin: 0cm 0cm 0pt 19.85pt; text-indent: -19.85pt; mso-list: l0 level1 lfo1; tab-stops: list 19.85pt;\"><span lang=\"ES-TRAD\" style=\"font-size: 11pt; font-family: Arial; mso-bidi-font-weight: bold; mso-bidi-font-size: 10.0pt; mso-ansi-language: ES-TRAD;\" data-mce-mark=\"1\">T\u00edtulo:\u00a0 \u00a0 \u00a0 \u00a0 \u00a0Comunicaci\u00f3n Multimedial<\/span><\/p>\n<p class=\"MsoNormal\" style=\"margin: 0cm 0cm 0pt 19.85pt; text-indent: -19.85pt; mso-list: l0 level1 lfo1; tab-stops: list 19.85pt;\"><span lang=\"ES-TRAD\" style=\"font-size: 11pt; font-family: Arial; mso-bidi-font-weight: bold; mso-bidi-font-size: 10.0pt; mso-ansi-language: ES-TRAD;\" data-mce-mark=\"1\">Res. :\u00a0\u00a0\u00a0\u00a0\u00a0\u00a0\u00a0\u00a0\u00a0\u00a06179\/03\u00a0 <a href=\"https:\/\/isfdyt57-bue.infd.edu.ar\/sitio\/wp-content\/uploads\/2019\/11\/comunicacion_multimedial_617903.pdf\">Click aqu\u00ed<\/a><\/span><\/p>\n<p class=\"MsoNormal\" style=\"margin: 0cm 0cm 0pt 19.85pt; text-indent: -19.85pt; mso-list: l0 level1 lfo1; tab-stops: list 19.85pt;\"><span lang=\"ES-TRAD\" style=\"font-size: 11pt; font-family: Arial; mso-bidi-font-weight: bold; mso-bidi-font-size: 10.0pt; mso-ansi-language: ES-TRAD;\" data-mce-mark=\"1\">Duraci\u00f3n:\u00a0 \u00a0 3 a\u00f1os<\/span><\/p>\n<p class=\"MsoNormal\" style=\"margin: 0cm 0cm 0pt;\"><span lang=\"ES-TRAD\" style=\"font-size: 12pt; color: #000000;\" data-mce-mark=\"1\"><span style=\"font-family: Times New Roman;\" data-mce-mark=\"1\">\u00a0<strong>Competencia General<\/strong><\/span><\/span><\/p>\n<p>El <strong>T\u00e9cnico Superior en Comunicaci\u00f3n Multimedial<\/strong> estar\u00e1 capacitado para desarrollar actividades profesionales, individualmente o integrando equipos de trabajo, en lo referente a interpretaci\u00f3n, transformaci\u00f3n y transmisi\u00f3n de informaci\u00f3n mediante la aplicaci\u00f3n de tecnolog\u00edas multimediales y la utilizaci\u00f3n de aplicaciones inform\u00e1ticas en medios de comunicaci\u00f3n. Mediante la interacci\u00f3n con profesionales de \u00e1reas art\u00edsticas estar\u00e1 capacitado para dise\u00f1ar, compaginar y producir publicaciones visuales y gr\u00e1ficas.<\/p>\n<p>Su perfil profesional implica la habilidad para la gesti\u00f3n integral de proyectos y el conocimiento de la legislaci\u00f3n vigente sobre derechos de autor y propiedad intelectual.<\/p>\n<p>Podr\u00e1 desempe\u00f1arse de manera independiente o en relaci\u00f3n de dependencia en todo tipo de emprendimientos que requieran la producci\u00f3n de sistemas multimediales de difusi\u00f3n, propaganda, publiciadad o comunicaci\u00f3n institucional<\/p>\n<p class=\"MsoNormal\" style=\"margin: 0cm 0cm 0pt;\"><span lang=\"ES-TRAD\" style=\"font-size: 12pt; mso-ansi-language: ES-TRAD;\" data-mce-mark=\"1\"><span style=\"font-family: Times New Roman;\" data-mce-mark=\"1\">\u00a0<\/span><\/span><\/p>\n<p style=\"text-align: center;\"><strong>\u00a0<\/strong><\/p>\n","protected":false},"excerpt":{"rendered":"<p>&nbsp; TECNICATURA SUPERIOR EN COMNICACI\u00d3N MULTIMEDIAL T\u00edtulo:\u00a0 \u00a0 \u00a0 \u00a0 \u00a0Comunicaci\u00f3n Multimedial Res. :\u00a0\u00a0\u00a0\u00a0\u00a0\u00a0\u00a0\u00a0\u00a0\u00a06179\/03\u00a0 Click aqu\u00ed Duraci\u00f3n:\u00a0 \u00a0 3 a\u00f1os \u00a0Competencia General El T\u00e9cnico Superior en Comunicaci\u00f3n Multimedial estar\u00e1 capacitado para desarrollar actividades profesionales, individualmente o integrando equipos de trabajo, en lo referente a interpretaci\u00f3n, transformaci\u00f3n y transmisi\u00f3n de informaci\u00f3n mediante la aplicaci\u00f3n de tecnolog\u00edas &#8230; <a title=\"Tecnicatura Superior en Comunicaci\u00f3n Multimedial\" class=\"read-more\" href=\"https:\/\/isfdyt57-bue.infd.edu.ar\/sitio\/tecnicatura-en-trabajo-social\/\" aria-label=\"More on Tecnicatura Superior en Comunicaci\u00f3n Multimedial\">[+]<\/a><\/p>\n","protected":false},"author":382,"featured_media":0,"parent":0,"menu_order":0,"comment_status":"closed","ping_status":"closed","template":"","meta":[],"acf":[],"_links":{"self":[{"href":"https:\/\/isfdyt57-bue.infd.edu.ar\/sitio\/wp-json\/wp\/v2\/pages\/823"}],"collection":[{"href":"https:\/\/isfdyt57-bue.infd.edu.ar\/sitio\/wp-json\/wp\/v2\/pages"}],"about":[{"href":"https:\/\/isfdyt57-bue.infd.edu.ar\/sitio\/wp-json\/wp\/v2\/types\/page"}],"author":[{"embeddable":true,"href":"https:\/\/isfdyt57-bue.infd.edu.ar\/sitio\/wp-json\/wp\/v2\/users\/382"}],"replies":[{"embeddable":true,"href":"https:\/\/isfdyt57-bue.infd.edu.ar\/sitio\/wp-json\/wp\/v2\/comments?post=823"}],"version-history":[{"count":4,"href":"https:\/\/isfdyt57-bue.infd.edu.ar\/sitio\/wp-json\/wp\/v2\/pages\/823\/revisions"}],"predecessor-version":[{"id":932,"href":"https:\/\/isfdyt57-bue.infd.edu.ar\/sitio\/wp-json\/wp\/v2\/pages\/823\/revisions\/932"}],"wp:attachment":[{"href":"https:\/\/isfdyt57-bue.infd.edu.ar\/sitio\/wp-json\/wp\/v2\/media?parent=823"}],"curies":[{"name":"wp","href":"https:\/\/api.w.org\/{rel}","templated":true}]}}