{"id":819,"date":"2018-08-29T15:55:14","date_gmt":"2018-08-29T18:55:14","guid":{"rendered":"https:\/\/isfdyt57-bue.infd.edu.ar\/sitio\/profesorado-de-educacion-inicial\/"},"modified":"2025-02-27T21:24:37","modified_gmt":"2025-02-28T00:24:37","slug":"profesorado-de-educacion-inicial","status":"publish","type":"page","link":"https:\/\/isfdyt57-bue.infd.edu.ar\/sitio\/profesorado-de-educacion-inicial\/","title":{"rendered":"Profesorado de Educaci\u00f3n Inicial"},"content":{"rendered":"<div style=\"text-align: center;\">\n<p><strong><span style=\"text-decoration: underline;\" data-mce-mark=\"1\"><span style=\"font-size: small; font-family: arial,helvetica,sans-serif;\" data-mce-mark=\"1\">PROFESORADO DE EDUCACI\u00d3N INICIAL<\/span><\/span><\/strong><\/p>\n<div style=\"text-align: left;\"><strong><span style=\"font-size: small; font-family: arial,helvetica,sans-serif;\" data-mce-mark=\"1\">\u00a0<\/span><\/strong><\/div>\n<div style=\"text-align: left;\"><strong><span style=\"font-size: small; font-family: arial,helvetica,sans-serif;\" data-mce-mark=\"1\">T\u00edtulo:\u00a0\u00a0\u00a0\u00a0\u00a0\u00a0\u00a0\u00a0 Profesor de Educaci\u00f3n\u00a0Inicial<\/span><\/strong><\/div>\n<div style=\"text-align: left;\"><strong><span style=\"font-size: small; font-family: arial,helvetica,sans-serif;\" data-mce-mark=\"1\">\u00a0<\/span><\/strong><strong><span style=\"font-size: small; font-family: arial,helvetica,sans-serif;\" data-mce-mark=\"1\">\u00a0<\/span><\/strong><\/div>\n<div style=\"text-align: left;\"><strong><span style=\"font-size: small; font-family: arial,helvetica,sans-serif;\" data-mce-mark=\"1\">RES.:\u00a0\u00a0\u00a0\u00a0\u00a0\u00a0\u00a0\u00a0\u00a0 4154\/07\u00a0\u00a0\u00a0\u00a0\u00a0 <a href=\"https:\/\/isfdyt57-bue.infd.edu.ar\/sitio\/wp-content\/uploads\/2021\/10\/NUEVOS_DISENIOS_CURRICULARES_INICIAL_Y_PRIMARIA.doc\">Click aqu\u00ed<\/a><\/span><\/strong><\/div>\n<div><\/div>\n<div style=\"text-align: left;\"><span lang=\"ES-TRAD\"><span style=\"font-family: arial,helvetica,sans-serif; font-size: small;\"><strong>Nuevo regimen de correlatividades (vigente a partir del 2024) <span style=\"color: #3366ff;\"><a style=\"color: #3366ff;\" href=\"https:\/\/isfdyt57-bue.infd.edu.ar\/sitio\/wp-content\/uploads\/2025\/02\/IF-2023-45620671-GDEBA-SDIFDIDGCYE-INICIAL.pdf\"> Click aqu\u00ed<\/a><\/span><\/strong><\/span><\/span><\/div>\n<div><\/div>\n<div class=\"MsoNormal\" style=\"margin: 0cm 0cm 0pt 19.85pt; text-indent: -19.85pt; text-align: justify; mso-list: l0 level1 lfo1; tab-stops: list 19.85pt;\"><span style=\"font-size: 12pt; font-family: Arial; mso-bidi-font-size: 10.0pt; mso-ansi-language: ES-TRAD; mso-bidi-font-weight: bold;\" data-mce-mark=\"1\">Duraci\u00f3n:\u00a0\u00a0\u00a0 \u00a04 a\u00f1os<strong>\u00a0<\/strong><\/span><\/div>\n<div class=\"MsoNormal\" style=\"margin: 0cm 0cm 0pt 19.85pt; text-align: justify;\"><span style=\"font-size: 8pt; font-family: Arial; mso-ansi-language: ES-TRAD; mso-bidi-font-weight: bold;\" data-mce-mark=\"1\">\u00a0<\/span><\/div>\n<div class=\"MsoNormal\" style=\"margin: 0cm 0cm 0pt; text-indent: 19.85pt; text-align: justify;\"><span style=\"font-size: 11pt; font-family: Arial; mso-ansi-language: ES-TRAD; mso-bidi-font-weight: bold;\" data-mce-mark=\"1\">Habilita como docente en Jardines Maternales y de Infantes.<\/span><\/div>\n<div class=\"MsoNormal\" style=\"margin: 0cm 0cm 0pt; text-indent: 19.85pt; text-align: justify; mso-layout-grid-align: none;\"><\/div>\n<div class=\"MsoNormal\" style=\"margin: 0cm 0cm 0pt; text-indent: 19.85pt; text-align: justify; mso-layout-grid-align: none;\"><span style=\"text-decoration: underline;\" data-mce-mark=\"1\"><span style=\"font-size: 11pt; font-family: Arial;\" data-mce-mark=\"1\">La Formaci\u00f3n Docente<\/span><span style=\"font-size: 11pt; font-family: Arial;\" data-mce-mark=\"1\"> se estructura en 2 ciclos:<\/span><\/span><\/div>\n<div class=\"MsoNormal\" style=\"margin: 0cm 0cm 0pt; text-indent: 19.85pt; text-align: justify; mso-layout-grid-align: none;\"><\/div>\n<div class=\"MsoNormal\" style=\"margin: 0cm 0cm 0pt; text-align: justify; tab-stops: 18.0pt; mso-layout-grid-align: none;\"><span style=\"font-size: 11pt; font-family: Arial;\" data-mce-mark=\"1\"><span style=\"mso-tab-count: 1;\" data-mce-mark=\"1\">\u00a0\u00a0\u00a0\u00a0\u00a0 <\/span>a) Una formaci\u00f3n b\u00e1sica com\u00fan, centrada en los fundamentos de la profesi\u00f3n docente y el conocimiento y reflexi\u00f3n de la realidad educativa y, <\/span><\/div>\n<div class=\"MsoNormal\" style=\"margin: 0cm 0cm 0pt; text-align: justify; tab-stops: 18.0pt; mso-layout-grid-align: none;\"><span style=\"font-size: 11pt; font-family: Arial;\" data-mce-mark=\"1\"><span style=\"mso-tab-count: 1;\" data-mce-mark=\"1\">\u00a0\u00a0\u00a0\u00a0\u00a0 <\/span>b) Una formaci\u00f3n especializada, para la ense\u00f1anza de los contenidos curriculares.<\/span><\/div>\n<div class=\"MsoNormal\" style=\"margin: 0cm 0cm 0pt; text-align: justify; tab-stops: 18.0pt; mso-layout-grid-align: none;\"><\/div>\n<div class=\"MsoNormal\" style=\"margin: 0cm 0cm 0pt; text-align: justify; tab-stops: 18.0pt; mso-layout-grid-align: none;\"><\/div>\n<div class=\"MsoNormal\" style=\"margin: 0cm 0cm 0pt; text-align: center; tab-stops: 18.0pt; mso-layout-grid-align: none;\"><span lang=\"ES-TRAD\" data-mce-mark=\"1\"><strong><span lang=\"ES-TRAD\" data-mce-mark=\"1\"><span lang=\"ES-TRAD\" data-mce-mark=\"1\">\u00a0<\/span><\/span><\/strong><\/span><\/div>\n<div class=\"MsoNormal\" style=\"margin: 0cm 0cm 0pt; text-align: center; tab-stops: 18.0pt; mso-layout-grid-align: none;\"><span lang=\"ES-TRAD\"><strong><span style=\"text-decoration: underline;\"><span style=\"font-size: small; color: #0000ff; font-family: Arial;\"><strong>1er &#8211; 2do &#8211; 3er y 4to A\u00f1o<\/strong><\/span><\/span><\/strong><\/span><\/div>\n<\/div>\n","protected":false},"excerpt":{"rendered":"<p>PROFESORADO DE EDUCACI\u00d3N INICIAL \u00a0 T\u00edtulo:\u00a0\u00a0\u00a0\u00a0\u00a0\u00a0\u00a0\u00a0 Profesor de Educaci\u00f3n\u00a0Inicial \u00a0\u00a0 RES.:\u00a0\u00a0\u00a0\u00a0\u00a0\u00a0\u00a0\u00a0\u00a0 4154\/07\u00a0\u00a0\u00a0\u00a0\u00a0 Click aqu\u00ed Nuevo regimen de correlatividades (vigente a partir del 2024) Click aqu\u00ed Duraci\u00f3n:\u00a0\u00a0\u00a0 \u00a04 a\u00f1os\u00a0 \u00a0 Habilita como docente en Jardines Maternales y de Infantes. La Formaci\u00f3n Docente se estructura en 2 ciclos: \u00a0\u00a0\u00a0\u00a0\u00a0 a) Una formaci\u00f3n b\u00e1sica com\u00fan, centrada en los &#8230; <a title=\"Profesorado de Educaci\u00f3n Inicial\" class=\"read-more\" href=\"https:\/\/isfdyt57-bue.infd.edu.ar\/sitio\/profesorado-de-educacion-inicial\/\" aria-label=\"More on Profesorado de Educaci\u00f3n Inicial\">[+]<\/a><\/p>\n","protected":false},"author":382,"featured_media":0,"parent":0,"menu_order":0,"comment_status":"closed","ping_status":"closed","template":"","meta":[],"acf":[],"_links":{"self":[{"href":"https:\/\/isfdyt57-bue.infd.edu.ar\/sitio\/wp-json\/wp\/v2\/pages\/819"}],"collection":[{"href":"https:\/\/isfdyt57-bue.infd.edu.ar\/sitio\/wp-json\/wp\/v2\/pages"}],"about":[{"href":"https:\/\/isfdyt57-bue.infd.edu.ar\/sitio\/wp-json\/wp\/v2\/types\/page"}],"author":[{"embeddable":true,"href":"https:\/\/isfdyt57-bue.infd.edu.ar\/sitio\/wp-json\/wp\/v2\/users\/382"}],"replies":[{"embeddable":true,"href":"https:\/\/isfdyt57-bue.infd.edu.ar\/sitio\/wp-json\/wp\/v2\/comments?post=819"}],"version-history":[{"count":5,"href":"https:\/\/isfdyt57-bue.infd.edu.ar\/sitio\/wp-json\/wp\/v2\/pages\/819\/revisions"}],"predecessor-version":[{"id":2363,"href":"https:\/\/isfdyt57-bue.infd.edu.ar\/sitio\/wp-json\/wp\/v2\/pages\/819\/revisions\/2363"}],"wp:attachment":[{"href":"https:\/\/isfdyt57-bue.infd.edu.ar\/sitio\/wp-json\/wp\/v2\/media?parent=819"}],"curies":[{"name":"wp","href":"https:\/\/api.w.org\/{rel}","templated":true}]}}