{"id":816,"date":"2018-08-29T15:55:13","date_gmt":"2018-08-29T18:55:13","guid":{"rendered":"https:\/\/isfdyt57-bue.infd.edu.ar\/sitio\/profesorado-de-ingles\/"},"modified":"2025-02-27T21:22:24","modified_gmt":"2025-02-28T00:22:24","slug":"profesorado-de-ingles","status":"publish","type":"page","link":"https:\/\/isfdyt57-bue.infd.edu.ar\/sitio\/profesorado-de-ingles\/","title":{"rendered":"Profesorado de Ingl\u00e9s"},"content":{"rendered":"<p class=\"MsoNormal\" style=\"margin: 6pt 0cm; line-height: 150%; text-align: center; mso-pagination: widow-orphan lines-together;\"><span lang=\"ES-TRAD\"><span style=\"font-family: arial,helvetica,sans-serif;\"><span style=\"font-size: small;\"><strong>\u00a0<span style=\"font-size: 18pt;\"><span style=\"text-decoration: underline;\"> Profesorado de Ingl\u00e9s\u00a0<\/span><\/span><\/strong><\/span><\/span><\/span><\/p>\n<p class=\"MsoNormal\" style=\"margin: 6pt 0cm; text-align: left; line-height: 150%; mso-pagination: widow-orphan lines-together;\"><span lang=\"ES-TRAD\"><span style=\"font-family: arial,helvetica,sans-serif; font-size: small;\"><strong>T\u00edtulo:\u00a0 \u00a0 Profesor\/a de Ingl\u00e9s para el Nivel Primario y Secundario<\/strong><\/span><\/span><\/p>\n<p class=\"MsoNormal\" style=\"margin: 6pt 0cm; text-align: left; line-height: 150%; mso-pagination: widow-orphan lines-together;\"><span lang=\"ES-TRAD\" style=\"color: #000000;\"><span style=\"font-family: arial,helvetica,sans-serif; font-size: small;\"><strong>Res:\u00a0\u00a0\u00a0\u00a0\u00a0\u00a0 1860\/17\u00a0 \u00a0 <a href=\"https:\/\/isfdyt57-bue.infd.edu.ar\/sitio\/wp-content\/uploads\/2018\/11\/Prof-ingl\u00e9s.pdf\">Click aqu\u00ed<\/a><\/strong><\/span><\/span><\/p>\n<p><span lang=\"ES-TRAD\"><span style=\"font-family: arial,helvetica,sans-serif; font-size: small;\"><strong>Nuevo regimen de correlatividades (vigente a partir del 2024) <span style=\"color: #3366ff;\"><a style=\"color: #3366ff;\" href=\"https:\/\/isfdyt57-bue.infd.edu.ar\/sitio\/wp-content\/uploads\/2025\/02\/IF-2023-45625425-GDEBA-SDIFDIDGCYE-INGLES.pdf\"><span lang=\"ES-TRAD\"> Click aqu\u00ed<\/span><\/a><\/span><\/strong><\/span><\/span><\/p>\n<p><strong style=\"text-align: justify;\"><span lang=\"ES-TRAD\"><span style=\"font-family: arial,helvetica,sans-serif; font-size: small;\">Profesorado de Ingl\u00e9s \u00a0 \u00a0<\/span><\/span><\/strong><\/p>\n<h5 class=\"MsoNormal\" style=\"margin: 6pt 0cm; line-height: 150%; text-align: justify; mso-pagination: widow-orphan lines-together;\"><span lang=\"ES-TRAD\"><span style=\"font-size: small; font-family: arial,helvetica,sans-serif;\">\u00a0\u00a0\u00a0\u00a0\u00a0\u00a0\u00a0\u00a0\u00a0\u00a0\u00a0\u00a0\u00a0\u00a0\u00a0\u00a0\u00a0 Duraci\u00f3n: \u00a0 \u00a04 A\u00f1os<\/span><\/span><\/h5>\n<p><span lang=\"ES-TRAD\">\u00a0<\/span><\/p>\n","protected":false},"excerpt":{"rendered":"<p>\u00a0 Profesorado de Ingl\u00e9s\u00a0 T\u00edtulo:\u00a0 \u00a0 Profesor\/a de Ingl\u00e9s para el Nivel Primario y Secundario Res:\u00a0\u00a0\u00a0\u00a0\u00a0\u00a0 1860\/17\u00a0 \u00a0 Click aqu\u00ed Nuevo regimen de correlatividades (vigente a partir del 2024) Click aqu\u00ed Profesorado de Ingl\u00e9s \u00a0 \u00a0 \u00a0\u00a0\u00a0\u00a0\u00a0\u00a0\u00a0\u00a0\u00a0\u00a0\u00a0\u00a0\u00a0\u00a0\u00a0\u00a0\u00a0 Duraci\u00f3n: \u00a0 \u00a04 A\u00f1os \u00a0<\/p>\n","protected":false},"author":382,"featured_media":0,"parent":0,"menu_order":0,"comment_status":"closed","ping_status":"closed","template":"","meta":[],"acf":[],"_links":{"self":[{"href":"https:\/\/isfdyt57-bue.infd.edu.ar\/sitio\/wp-json\/wp\/v2\/pages\/816"}],"collection":[{"href":"https:\/\/isfdyt57-bue.infd.edu.ar\/sitio\/wp-json\/wp\/v2\/pages"}],"about":[{"href":"https:\/\/isfdyt57-bue.infd.edu.ar\/sitio\/wp-json\/wp\/v2\/types\/page"}],"author":[{"embeddable":true,"href":"https:\/\/isfdyt57-bue.infd.edu.ar\/sitio\/wp-json\/wp\/v2\/users\/382"}],"replies":[{"embeddable":true,"href":"https:\/\/isfdyt57-bue.infd.edu.ar\/sitio\/wp-json\/wp\/v2\/comments?post=816"}],"version-history":[{"count":5,"href":"https:\/\/isfdyt57-bue.infd.edu.ar\/sitio\/wp-json\/wp\/v2\/pages\/816\/revisions"}],"predecessor-version":[{"id":2361,"href":"https:\/\/isfdyt57-bue.infd.edu.ar\/sitio\/wp-json\/wp\/v2\/pages\/816\/revisions\/2361"}],"wp:attachment":[{"href":"https:\/\/isfdyt57-bue.infd.edu.ar\/sitio\/wp-json\/wp\/v2\/media?parent=816"}],"curies":[{"name":"wp","href":"https:\/\/api.w.org\/{rel}","templated":true}]}}