{"id":807,"date":"2018-08-29T15:55:10","date_gmt":"2018-08-29T18:55:10","guid":{"rendered":"https:\/\/isfdyt57-bue.infd.edu.ar\/sitio\/datos-institucionales\/"},"modified":"2022-02-25T17:43:58","modified_gmt":"2022-02-25T20:43:58","slug":"datos-institucionales","status":"publish","type":"page","link":"https:\/\/isfdyt57-bue.infd.edu.ar\/sitio\/datos-institucionales\/","title":{"rendered":"Datos institucionales"},"content":{"rendered":"<blockquote>\n<div><\/div>\n<div style=\"text-align: center;\">\n<p><strong><em><u>Instituto Superior de Formaci\u00f3n Docente<\/u><\/em><\/strong><\/p>\n<p><strong><em><u>y T\u00e9cnica N\u00b0 57 \u2013 Chascom\u00fas<\/u><\/em><\/strong><\/p>\n<p style=\"text-align: left;\"><u>Horarios de atenci\u00f3n<\/u>: 17.30hs. a 22.00hs.<\/p>\n<p style=\"text-align: left;\"><u>Direcci\u00f3n<\/u>: Franklin166 e\/ Alvear y Libres del Sur. C. P. 7.130<\/p>\n<p style=\"text-align: left;\"><u>E-mail de consultas<\/u>:<\/p>\n<p style=\"text-align: left;\">isfdyt57chascomus@abc.gob.ar<\/p>\n<p style=\"text-align: left;\">preceptoriainstituto57@gmail.com<\/p>\n<p style=\"text-align: left;\">bibliotecainstituto57@gmail.com<\/p>\n<p style=\"text-align: left;\"><u>Instituto 57 Chascom\u00fas<\/u><\/p>\n<p style=\"text-align: left;\"><a href=\"https:\/\/isfdyt57-bue.infd.edu.ar\/sitio\/\"><u>https:\/\/isfdyt57-bue.infd.edu.ar\/sitio\/<\/u><\/a><\/p>\n<p style=\"text-align: left;\"><u>Face del instituto:<\/u><\/p>\n<p style=\"text-align: left;\"><a href=\"https:\/\/www.facebook.com\/instituto57chascomus\">https:\/\/www.facebook.com\/instituto57chascomus<\/a><\/p>\n<p style=\"text-align: left;\">\n<\/div>\n<\/blockquote>\n","protected":false},"excerpt":{"rendered":"<p>Instituto Superior de Formaci\u00f3n Docente y T\u00e9cnica N\u00b0 57 \u2013 Chascom\u00fas Horarios de atenci\u00f3n: 17.30hs. a 22.00hs. Direcci\u00f3n: Franklin166 e\/ Alvear y Libres del Sur. C. P. 7.130 E-mail de consultas: isfdyt57chascomus@abc.gob.ar preceptoriainstituto57@gmail.com bibliotecainstituto57@gmail.com Instituto 57 Chascom\u00fas https:\/\/isfdyt57-bue.infd.edu.ar\/sitio\/ Face del instituto: https:\/\/www.facebook.com\/instituto57chascomus<\/p>\n","protected":false},"author":382,"featured_media":0,"parent":0,"menu_order":0,"comment_status":"closed","ping_status":"closed","template":"","meta":[],"acf":[],"_links":{"self":[{"href":"https:\/\/isfdyt57-bue.infd.edu.ar\/sitio\/wp-json\/wp\/v2\/pages\/807"}],"collection":[{"href":"https:\/\/isfdyt57-bue.infd.edu.ar\/sitio\/wp-json\/wp\/v2\/pages"}],"about":[{"href":"https:\/\/isfdyt57-bue.infd.edu.ar\/sitio\/wp-json\/wp\/v2\/types\/page"}],"author":[{"embeddable":true,"href":"https:\/\/isfdyt57-bue.infd.edu.ar\/sitio\/wp-json\/wp\/v2\/users\/382"}],"replies":[{"embeddable":true,"href":"https:\/\/isfdyt57-bue.infd.edu.ar\/sitio\/wp-json\/wp\/v2\/comments?post=807"}],"version-history":[{"count":8,"href":"https:\/\/isfdyt57-bue.infd.edu.ar\/sitio\/wp-json\/wp\/v2\/pages\/807\/revisions"}],"predecessor-version":[{"id":1543,"href":"https:\/\/isfdyt57-bue.infd.edu.ar\/sitio\/wp-json\/wp\/v2\/pages\/807\/revisions\/1543"}],"wp:attachment":[{"href":"https:\/\/isfdyt57-bue.infd.edu.ar\/sitio\/wp-json\/wp\/v2\/media?parent=807"}],"curies":[{"name":"wp","href":"https:\/\/api.w.org\/{rel}","templated":true}]}}