{"id":2527,"date":"2026-04-15T18:53:56","date_gmt":"2026-04-15T21:53:56","guid":{"rendered":"https:\/\/isfdyt57-bue.infd.edu.ar\/sitio\/?page_id=2527"},"modified":"2026-04-15T19:59:55","modified_gmt":"2026-04-15T22:59:55","slug":"resenas-y-recomendaciones","status":"publish","type":"page","link":"https:\/\/isfdyt57-bue.infd.edu.ar\/sitio\/resenas-y-recomendaciones\/","title":{"rendered":"Rese\u00f1as y recomendaciones"},"content":{"rendered":"\n<h2 class=\"wp-block-heading has-text-align-center\">Te dejamos algunas rese\u00f1as que son puertas a nuevas lecturas<\/h2>\n\n\n<div class=\"wp-block-image\">\n<figure class=\"aligncenter size-full is-resized\"><img decoding=\"async\" loading=\"lazy\" src=\"https:\/\/isfdyt57-bue.infd.edu.ar\/sitio\/wp-content\/uploads\/2025\/08\/Mis-animales-y-los-que-no-son-mios-1.jpeg\" alt=\"\" class=\"wp-image-2402\" width=\"341\" height=\"525\" srcset=\"https:\/\/isfdyt57-bue.infd.edu.ar\/sitio\/wp-content\/uploads\/2025\/08\/Mis-animales-y-los-que-no-son-mios-1.jpeg 779w, https:\/\/isfdyt57-bue.infd.edu.ar\/sitio\/wp-content\/uploads\/2025\/08\/Mis-animales-y-los-que-no-son-mios-1-649x1000.jpeg 649w, https:\/\/isfdyt57-bue.infd.edu.ar\/sitio\/wp-content\/uploads\/2025\/08\/Mis-animales-y-los-que-no-son-mios-1-768x1183.jpeg 768w\" sizes=\"(max-width: 341px) 100vw, 341px\" \/><\/figure><\/div>\n\n\n<figure class=\"wp-block-audio\"><audio controls src=\"https:\/\/isfdyt57-bue.infd.edu.ar\/sitio\/wp-content\/uploads\/2025\/08\/1-Audio-de-la-vaca.mp3\"><\/audio><\/figure>\n\n\n<div class=\"wp-block-image\">\n<figure class=\"aligncenter size-full is-resized\"><img decoding=\"async\" loading=\"lazy\" src=\"https:\/\/isfdyt57-bue.infd.edu.ar\/sitio\/wp-content\/uploads\/2025\/08\/Tres-libros.jpeg\" alt=\"\" class=\"wp-image-2404\" width=\"319\" height=\"400\" srcset=\"https:\/\/isfdyt57-bue.infd.edu.ar\/sitio\/wp-content\/uploads\/2025\/08\/Tres-libros.jpeg 1080w, https:\/\/isfdyt57-bue.infd.edu.ar\/sitio\/wp-content\/uploads\/2025\/08\/Tres-libros-800x1000.jpeg 800w, https:\/\/isfdyt57-bue.infd.edu.ar\/sitio\/wp-content\/uploads\/2025\/08\/Tres-libros-768x960.jpeg 768w\" sizes=\"(max-width: 319px) 100vw, 319px\" \/><\/figure><\/div>\n\n<div class=\"wp-block-image\">\n<figure class=\"aligncenter size-full is-resized\"><img decoding=\"async\" loading=\"lazy\" src=\"https:\/\/isfdyt57-bue.infd.edu.ar\/sitio\/wp-content\/uploads\/2025\/08\/El-Gran-Deuleuze.jpeg\" alt=\"\" class=\"wp-image-2405\" width=\"321\" height=\"401\" srcset=\"https:\/\/isfdyt57-bue.infd.edu.ar\/sitio\/wp-content\/uploads\/2025\/08\/El-Gran-Deuleuze.jpeg 1080w, https:\/\/isfdyt57-bue.infd.edu.ar\/sitio\/wp-content\/uploads\/2025\/08\/El-Gran-Deuleuze-800x1000.jpeg 800w, https:\/\/isfdyt57-bue.infd.edu.ar\/sitio\/wp-content\/uploads\/2025\/08\/El-Gran-Deuleuze-768x960.jpeg 768w\" sizes=\"(max-width: 321px) 100vw, 321px\" \/><\/figure><\/div>\n\n<div class=\"wp-block-image\">\n<figure class=\"aligncenter size-full is-resized\"><img decoding=\"async\" loading=\"lazy\" src=\"https:\/\/isfdyt57-bue.infd.edu.ar\/sitio\/wp-content\/uploads\/2025\/08\/Villa-Celina.jpeg\" alt=\"\" class=\"wp-image-2406\" width=\"320\" height=\"320\" srcset=\"https:\/\/isfdyt57-bue.infd.edu.ar\/sitio\/wp-content\/uploads\/2025\/08\/Villa-Celina.jpeg 1080w, https:\/\/isfdyt57-bue.infd.edu.ar\/sitio\/wp-content\/uploads\/2025\/08\/Villa-Celina-1000x1000.jpeg 1000w, https:\/\/isfdyt57-bue.infd.edu.ar\/sitio\/wp-content\/uploads\/2025\/08\/Villa-Celina-500x500.jpeg 500w, https:\/\/isfdyt57-bue.infd.edu.ar\/sitio\/wp-content\/uploads\/2025\/08\/Villa-Celina-768x768.jpeg 768w\" sizes=\"(max-width: 320px) 100vw, 320px\" \/><\/figure><\/div>\n\n\n<p class=\"has-text-align-center\"><strong>Muchas gracias Paula Goya<\/strong><\/p>\n\n\n<div class=\"wp-block-image\">\n<figure class=\"aligncenter size-large is-resized\"><img decoding=\"async\" loading=\"lazy\" src=\"https:\/\/isfdyt57-bue.infd.edu.ar\/sitio\/wp-content\/uploads\/2024\/11\/Resena-Poesia-clasica-japonesa-1069x1900.jpg\" alt=\"\" class=\"wp-image-2109\" width=\"332\" height=\"589\" srcset=\"https:\/\/isfdyt57-bue.infd.edu.ar\/sitio\/wp-content\/uploads\/2024\/11\/Resena-Poesia-clasica-japonesa-1069x1900.jpg 1069w, https:\/\/isfdyt57-bue.infd.edu.ar\/sitio\/wp-content\/uploads\/2024\/11\/Resena-Poesia-clasica-japonesa-563x1000.jpg 563w, https:\/\/isfdyt57-bue.infd.edu.ar\/sitio\/wp-content\/uploads\/2024\/11\/Resena-Poesia-clasica-japonesa-768x1365.jpg 768w, https:\/\/isfdyt57-bue.infd.edu.ar\/sitio\/wp-content\/uploads\/2024\/11\/Resena-Poesia-clasica-japonesa-864x1536.jpg 864w, https:\/\/isfdyt57-bue.infd.edu.ar\/sitio\/wp-content\/uploads\/2024\/11\/Resena-Poesia-clasica-japonesa.jpg 1080w\" sizes=\"(max-width: 332px) 100vw, 332px\" \/><\/figure><\/div>\n\n\n<p class=\"has-text-align-center\"><strong>Muchas gracias Esteban Llanos, estudiante del Profesorado de Lengua y Literatura<\/strong><\/p>\n\n\n<div class=\"wp-block-image\">\n<figure class=\"aligncenter size-large is-resized\"><img decoding=\"async\" loading=\"lazy\" src=\"https:\/\/isfdyt57-bue.infd.edu.ar\/sitio\/wp-content\/uploads\/2024\/10\/Resena-Las-primas-1069x1900.jpg\" alt=\"\" class=\"wp-image-2106\" width=\"334\" height=\"593\" srcset=\"https:\/\/isfdyt57-bue.infd.edu.ar\/sitio\/wp-content\/uploads\/2024\/10\/Resena-Las-primas-1069x1900.jpg 1069w, https:\/\/isfdyt57-bue.infd.edu.ar\/sitio\/wp-content\/uploads\/2024\/10\/Resena-Las-primas-563x1000.jpg 563w, https:\/\/isfdyt57-bue.infd.edu.ar\/sitio\/wp-content\/uploads\/2024\/10\/Resena-Las-primas-768x1365.jpg 768w, https:\/\/isfdyt57-bue.infd.edu.ar\/sitio\/wp-content\/uploads\/2024\/10\/Resena-Las-primas-864x1536.jpg 864w, https:\/\/isfdyt57-bue.infd.edu.ar\/sitio\/wp-content\/uploads\/2024\/10\/Resena-Las-primas.jpg 1080w\" sizes=\"(max-width: 334px) 100vw, 334px\" \/><\/figure><\/div>\n\n\n<p class=\"has-text-align-center\"><strong>Agradecemos a la profesora y Jefa de \u00c1rea Luc\u00eda Otondo<\/strong><\/p>\n\n\n<div class=\"wp-block-image\">\n<figure class=\"aligncenter size-full is-resized\"><img decoding=\"async\" loading=\"lazy\" src=\"https:\/\/isfdyt57-bue.infd.edu.ar\/sitio\/wp-content\/uploads\/2024\/10\/Resena-La-lista.jpg\" alt=\"\" class=\"wp-image-2102\" width=\"328\" height=\"410\" srcset=\"https:\/\/isfdyt57-bue.infd.edu.ar\/sitio\/wp-content\/uploads\/2024\/10\/Resena-La-lista.jpg 1080w, https:\/\/isfdyt57-bue.infd.edu.ar\/sitio\/wp-content\/uploads\/2024\/10\/Resena-La-lista-800x1000.jpg 800w, https:\/\/isfdyt57-bue.infd.edu.ar\/sitio\/wp-content\/uploads\/2024\/10\/Resena-La-lista-768x960.jpg 768w\" sizes=\"(max-width: 328px) 100vw, 328px\" \/><\/figure><\/div>\n\n\n<p class=\"has-text-align-center\"><strong>Muchas gracias Jazm\u00edn Pichetto, estudiante de la Tecnicatura Superior en Trabajo Social<\/strong><\/p>\n\n\n<div class=\"wp-block-image\">\n<figure class=\"aligncenter size-full is-resized\"><img decoding=\"async\" loading=\"lazy\" src=\"https:\/\/isfdyt57-bue.infd.edu.ar\/sitio\/wp-content\/uploads\/2024\/10\/Resena-Invisible.jpg\" alt=\"\" class=\"wp-image-2099\" width=\"342\" height=\"342\" srcset=\"https:\/\/isfdyt57-bue.infd.edu.ar\/sitio\/wp-content\/uploads\/2024\/10\/Resena-Invisible.jpg 1080w, https:\/\/isfdyt57-bue.infd.edu.ar\/sitio\/wp-content\/uploads\/2024\/10\/Resena-Invisible-1000x1000.jpg 1000w, https:\/\/isfdyt57-bue.infd.edu.ar\/sitio\/wp-content\/uploads\/2024\/10\/Resena-Invisible-500x500.jpg 500w, https:\/\/isfdyt57-bue.infd.edu.ar\/sitio\/wp-content\/uploads\/2024\/10\/Resena-Invisible-768x768.jpg 768w\" sizes=\"(max-width: 342px) 100vw, 342px\" \/><\/figure><\/div>\n\n\n<p class=\"has-text-align-center\"><strong>Muchas gracias  Abigail Bustamante, estudiante de la Tecnicatura Superior en Enfermar\u00eda<\/strong><\/p>\n\n\n<div class=\"wp-block-image\">\n<figure class=\"aligncenter size-full is-resized\"><img decoding=\"async\" loading=\"lazy\" src=\"https:\/\/isfdyt57-bue.infd.edu.ar\/sitio\/wp-content\/uploads\/2024\/10\/Resena-de-La-larga-noche-de-los-lapices.jpg\" alt=\"\" class=\"wp-image-2095\" width=\"356\" height=\"356\" srcset=\"https:\/\/isfdyt57-bue.infd.edu.ar\/sitio\/wp-content\/uploads\/2024\/10\/Resena-de-La-larga-noche-de-los-lapices.jpg 1080w, https:\/\/isfdyt57-bue.infd.edu.ar\/sitio\/wp-content\/uploads\/2024\/10\/Resena-de-La-larga-noche-de-los-lapices-1000x1000.jpg 1000w, https:\/\/isfdyt57-bue.infd.edu.ar\/sitio\/wp-content\/uploads\/2024\/10\/Resena-de-La-larga-noche-de-los-lapices-500x500.jpg 500w, https:\/\/isfdyt57-bue.infd.edu.ar\/sitio\/wp-content\/uploads\/2024\/10\/Resena-de-La-larga-noche-de-los-lapices-768x768.jpg 768w\" sizes=\"(max-width: 356px) 100vw, 356px\" \/><\/figure><\/div>\n\n\n<p class=\"has-text-align-center\"><strong>Muchas gracias Catalina Di Palma, estudiante del Profesorado de Ingl\u00e9s<\/strong><\/p>\n","protected":false},"excerpt":{"rendered":"<p>Te dejamos algunas rese\u00f1as que son puertas a nuevas lecturas Muchas gracias Paula Goya Muchas gracias Esteban Llanos, estudiante del Profesorado de Lengua y Literatura Agradecemos a la profesora y Jefa de \u00c1rea Luc\u00eda Otondo Muchas gracias Jazm\u00edn Pichetto, estudiante de la Tecnicatura Superior en Trabajo Social Muchas gracias Abigail Bustamante, estudiante de la Tecnicatura &#8230; <a title=\"Rese\u00f1as y recomendaciones\" class=\"read-more\" href=\"https:\/\/isfdyt57-bue.infd.edu.ar\/sitio\/resenas-y-recomendaciones\/\" aria-label=\"More on Rese\u00f1as y recomendaciones\">[+]<\/a><\/p>\n","protected":false},"author":396,"featured_media":0,"parent":0,"menu_order":0,"comment_status":"closed","ping_status":"closed","template":"","meta":[],"acf":[],"_links":{"self":[{"href":"https:\/\/isfdyt57-bue.infd.edu.ar\/sitio\/wp-json\/wp\/v2\/pages\/2527"}],"collection":[{"href":"https:\/\/isfdyt57-bue.infd.edu.ar\/sitio\/wp-json\/wp\/v2\/pages"}],"about":[{"href":"https:\/\/isfdyt57-bue.infd.edu.ar\/sitio\/wp-json\/wp\/v2\/types\/page"}],"author":[{"embeddable":true,"href":"https:\/\/isfdyt57-bue.infd.edu.ar\/sitio\/wp-json\/wp\/v2\/users\/396"}],"replies":[{"embeddable":true,"href":"https:\/\/isfdyt57-bue.infd.edu.ar\/sitio\/wp-json\/wp\/v2\/comments?post=2527"}],"version-history":[{"count":3,"href":"https:\/\/isfdyt57-bue.infd.edu.ar\/sitio\/wp-json\/wp\/v2\/pages\/2527\/revisions"}],"predecessor-version":[{"id":2533,"href":"https:\/\/isfdyt57-bue.infd.edu.ar\/sitio\/wp-json\/wp\/v2\/pages\/2527\/revisions\/2533"}],"wp:attachment":[{"href":"https:\/\/isfdyt57-bue.infd.edu.ar\/sitio\/wp-json\/wp\/v2\/media?parent=2527"}],"curies":[{"name":"wp","href":"https:\/\/api.w.org\/{rel}","templated":true}]}}