{"id":2418,"date":"2025-10-03T19:42:29","date_gmt":"2025-10-03T22:42:29","guid":{"rendered":"https:\/\/isfdyt57-bue.infd.edu.ar\/sitio\/?page_id=2418"},"modified":"2025-11-12T20:44:55","modified_gmt":"2025-11-12T23:44:55","slug":"curso-de-formacion-basica-de-ingles","status":"publish","type":"page","link":"https:\/\/isfdyt57-bue.infd.edu.ar\/sitio\/curso-de-formacion-basica-de-ingles\/","title":{"rendered":"Curso de Formaci\u00f3n B\u00e1sica en Ingl\u00e9s"},"content":{"rendered":"\n<p>T\u00edtulo: Curso de Formaci\u00f3n B\u00e1sica de Ingl\u00e9s<\/p>\n\n\n\n<p>Res: 1883\/99 Click <a href=\"https:\/\/isfdyt57-bue.infd.edu.ar\/sitio\/wp-content\/uploads\/2025\/10\/Res-CUFBA-1883-99-1.pdf\" target=\"_blank\" rel=\"noreferrer noopener\">aqu\u00ed<\/a><\/p>\n\n\n\n<p>Duraci\u00f3n: 1 a\u00f1o dos veces por semana<\/p>\n","protected":false},"excerpt":{"rendered":"<p>T\u00edtulo: Curso de Formaci\u00f3n B\u00e1sica de Ingl\u00e9s Res: 1883\/99 Click aqu\u00ed Duraci\u00f3n: 1 a\u00f1o dos veces por semana<\/p>\n","protected":false},"author":396,"featured_media":0,"parent":0,"menu_order":0,"comment_status":"closed","ping_status":"closed","template":"","meta":[],"acf":[],"_links":{"self":[{"href":"https:\/\/isfdyt57-bue.infd.edu.ar\/sitio\/wp-json\/wp\/v2\/pages\/2418"}],"collection":[{"href":"https:\/\/isfdyt57-bue.infd.edu.ar\/sitio\/wp-json\/wp\/v2\/pages"}],"about":[{"href":"https:\/\/isfdyt57-bue.infd.edu.ar\/sitio\/wp-json\/wp\/v2\/types\/page"}],"author":[{"embeddable":true,"href":"https:\/\/isfdyt57-bue.infd.edu.ar\/sitio\/wp-json\/wp\/v2\/users\/396"}],"replies":[{"embeddable":true,"href":"https:\/\/isfdyt57-bue.infd.edu.ar\/sitio\/wp-json\/wp\/v2\/comments?post=2418"}],"version-history":[{"count":3,"href":"https:\/\/isfdyt57-bue.infd.edu.ar\/sitio\/wp-json\/wp\/v2\/pages\/2418\/revisions"}],"predecessor-version":[{"id":2447,"href":"https:\/\/isfdyt57-bue.infd.edu.ar\/sitio\/wp-json\/wp\/v2\/pages\/2418\/revisions\/2447"}],"wp:attachment":[{"href":"https:\/\/isfdyt57-bue.infd.edu.ar\/sitio\/wp-json\/wp\/v2\/media?parent=2418"}],"curies":[{"name":"wp","href":"https:\/\/api.w.org\/{rel}","templated":true}]}}