{"id":2412,"date":"2025-10-03T19:22:49","date_gmt":"2025-10-03T22:22:49","guid":{"rendered":"https:\/\/isfdyt57-bue.infd.edu.ar\/sitio\/?page_id=2412"},"modified":"2025-12-17T19:34:32","modified_gmt":"2025-12-17T22:34:32","slug":"tecnicatura-superior-en-administracion-financiera","status":"publish","type":"page","link":"https:\/\/isfdyt57-bue.infd.edu.ar\/sitio\/tecnicatura-superior-en-administracion-financiera\/","title":{"rendered":"Tecnicatura Superior en Administraci\u00f3n Financiera"},"content":{"rendered":"\n<p><strong>T\u00edtulo:<\/strong> Tecnicatura Superior en Administraci\u00f3n Financiera <\/p>\n\n\n\n<p><strong>Res.<\/strong> 456\/23 (3 A\u00d1OS) <a rel=\"noreferrer noopener\" href=\"https:\/\/isfdyt57-bue.infd.edu.ar\/sitio\/wp-content\/uploads\/2025\/10\/TS-en-Administracion-Financiera.pdf\" target=\"_blank\">click aqu\u00ed<\/a><\/p>\n\n\n\n<p>Retificatoria Administracion Financiera RES 6339-25 y ANEXO Click aqu\u00ed<code> <a href=\"https:\/\/drive.google.com\/file\/d\/13i86xQ6TOro9ntBB2pzJ1VRaQabLZbua\/view?usp=sharing\" target=\"_blank\" rel=\"noreferrer noopener\">Click aqu\u00ed<\/a><\/code><\/p>\n\n\n\n<p>Duraci\u00f3n: 3 a\u00f1os<\/p>\n\n\n\n<p><strong>Competencia General<\/strong><\/p>\n\n\n\n<p>El T\u00e9cnico Superior en Administraci\u00f3n es un profesional que estar\u00e1 capacitado para desarrollar las competencias para: organizar, programar, ejecutar y controlar las operaciones comerciales, financieras y administrativas de la organizaci\u00f3n; elaborar, controlar y registrar el flujo de informaci\u00f3n; organizar y planificar los recursos referidos para desarrollar sus actividades interactuando con el entorno y participando en la toma de decisiones relacionadas con sus actividades. Coordinando equipos de trabajo relacionado con su especialidad. Estas competencias ser\u00e1n desarrolladas seg\u00fan las incumbencias y las normas t\u00e9cnicas y legales que rigen su campo profesional.<\/p>\n\n\n\n<p>\u00c1REAS DE COMPETENCIA<br>Las \u00e1reas de competencia del T\u00e9cnico Superior en Administraci\u00f3n son las siguientes:<br>1. Organizar, programar, las operaciones comerciales, financieras y administrativas de la organizaci\u00f3n.<br>2. Ejecutar y controlar las operaciones comerciales, financieras y administrativas de la organizaci\u00f3n.<br>3. Elaborar, controlar y registrar el flujo de informaci\u00f3n.<br>4. Planificar los recursos requeridos para desarrollar sus actividades de la organizaci\u00f3n.<br>5. Gestionar las decisiones relacionadas con sus actividades.<\/p>\n","protected":false},"excerpt":{"rendered":"<p>T\u00edtulo: Tecnicatura Superior en Administraci\u00f3n Financiera Res. 456\/23 (3 A\u00d1OS) click aqu\u00ed Retificatoria Administracion Financiera RES 6339-25 y ANEXO Click aqu\u00ed Click aqu\u00ed Duraci\u00f3n: 3 a\u00f1os Competencia General El T\u00e9cnico Superior en Administraci\u00f3n es un profesional que estar\u00e1 capacitado para desarrollar las competencias para: organizar, programar, ejecutar y controlar las operaciones comerciales, financieras y administrativas &#8230; <a title=\"Tecnicatura Superior en Administraci\u00f3n Financiera\" class=\"read-more\" href=\"https:\/\/isfdyt57-bue.infd.edu.ar\/sitio\/tecnicatura-superior-en-administracion-financiera\/\" aria-label=\"More on Tecnicatura Superior en Administraci\u00f3n Financiera\">[+]<\/a><\/p>\n","protected":false},"author":396,"featured_media":0,"parent":0,"menu_order":0,"comment_status":"closed","ping_status":"closed","template":"","meta":[],"acf":[],"_links":{"self":[{"href":"https:\/\/isfdyt57-bue.infd.edu.ar\/sitio\/wp-json\/wp\/v2\/pages\/2412"}],"collection":[{"href":"https:\/\/isfdyt57-bue.infd.edu.ar\/sitio\/wp-json\/wp\/v2\/pages"}],"about":[{"href":"https:\/\/isfdyt57-bue.infd.edu.ar\/sitio\/wp-json\/wp\/v2\/types\/page"}],"author":[{"embeddable":true,"href":"https:\/\/isfdyt57-bue.infd.edu.ar\/sitio\/wp-json\/wp\/v2\/users\/396"}],"replies":[{"embeddable":true,"href":"https:\/\/isfdyt57-bue.infd.edu.ar\/sitio\/wp-json\/wp\/v2\/comments?post=2412"}],"version-history":[{"count":5,"href":"https:\/\/isfdyt57-bue.infd.edu.ar\/sitio\/wp-json\/wp\/v2\/pages\/2412\/revisions"}],"predecessor-version":[{"id":2472,"href":"https:\/\/isfdyt57-bue.infd.edu.ar\/sitio\/wp-json\/wp\/v2\/pages\/2412\/revisions\/2472"}],"wp:attachment":[{"href":"https:\/\/isfdyt57-bue.infd.edu.ar\/sitio\/wp-json\/wp\/v2\/media?parent=2412"}],"curies":[{"name":"wp","href":"https:\/\/api.w.org\/{rel}","templated":true}]}}