{"id":2172,"date":"2024-11-15T20:26:06","date_gmt":"2024-11-15T23:26:06","guid":{"rendered":"https:\/\/isfdyt57-bue.infd.edu.ar\/sitio\/?page_id=2172"},"modified":"2025-12-17T18:59:06","modified_gmt":"2025-12-17T21:59:06","slug":"tecnicatura-superior-en-ciencia-de-datos-e-inteligencia-artificial","status":"publish","type":"page","link":"https:\/\/isfdyt57-bue.infd.edu.ar\/sitio\/tecnicatura-superior-en-ciencia-de-datos-e-inteligencia-artificial\/","title":{"rendered":"TECNICATURA SUPERIOR EN CIENCIA DE DATOS E INTELIGENCIA ARTIFICIAL"},"content":{"rendered":"\n<p><strong>T\u00edtulo:<\/strong> T\u00e9cnico\/a Superior en Ciencia de Datos e Inteligencia Artificail<\/p>\n\n\n\n<p><strong>Resoluci\u00f3n:<\/strong> 2730\/22 <a href=\"https:\/\/isfdyt57-bue.infd.edu.ar\/sitio\/wp-content\/uploads\/2025\/12\/Rectificatoria-Ciencia-de-Datos-e-IA-RES-6189-25-y-Anexo.pdf\">Click aqu\u00ed<\/a><\/p>\n\n\n\n<p><strong>Carrera: <\/strong>Tecnicatura Superior en Ciencia de Datos e Inteligencia Artificial<\/p>\n\n\n\n<p><strong>Duraci\u00f3n:<\/strong> 3 a\u00f1os<\/p>\n\n\n\n<p>La\/El T\u00e9cnica\/o Superior en Ciencia de Datos e Inteligencia Artificial estar\u00e1:<\/p>\n\n\n\n<p>capacitada\/o para realizar proyectos de innovaci\u00f3n que involucren actividades tanto del campo de la Ciencia de Datos como de la IA. Estar\u00e1 calificada\/o para pensar con criterio estad\u00edstico situaciones de trabajo que involucren una amplia cantidad de datos, comprendiendo el ciclo de trabajo de la Ciencia de Datos dentro de una organizaci\u00f3n o para un\/a cliente\/a particular.<\/p>\n\n\n\n<p>Por su formaci\u00f3n podr\u00e1 dise\u00f1ar, desarrollar e implementar t\u00e9cnicas de (aprendizaje autom\u00e1tico para su utilizaci\u00f3n aplicada a trav\u00e9s de modelos predictivos, sistemas de recomendaci\u00f3n, reconocimiento, entre otras). Para ello podr\u00e1 construir secuencias de an\u00e1lisis utilizando librer\u00edas de datos pudiendo, incluso, construir librer\u00edas propias para su aplicaci\u00f3n en diferentes industrias.<\/p>\n\n\n\n<p>En el campo de la Inteligencia Artificial (IA), podr\u00e1 construir redes neuronales y liderar exitosamente proyectos que permitan implementar visi\u00f3n por computadora y aplicarlas a datos de im\u00e1genes. Tambi\u00e9n podr\u00e1 aplicar IA para procesar audio y texto a partir de aplicaciones que permitan, por ejemplo, reconocimiento autom\u00e1tico del habla, s\u00edntesis de m\u00fasica, <em>chatbots<\/em>.<\/p>\n\n\n\n<p><strong>Capacidades:<\/strong><\/p>\n\n\n\n<p>  Dise\u00f1ar, gestionar y evaluar proyectos y\/o procesos en el \u00e1mbito de su especialidad que lleven a la mejora de la calidad de la organizaci\u00f3n.<\/p>\n\n\n\n<ol type=\"a\">\n<li><\/li>\n<\/ol>\n\n\n\n<ul>\n<li>Asumir el rol de liderazgo y coordinaci\u00f3n, reconociendo el rol de cada integrante del proyecto, transmitiendo la informaci\u00f3n necesaria en forma precisa y utilizando el lenguaje apropiado para el entendimiento mutuo en interacciones individuales o grupales<\/li>\n<\/ul>\n\n\n\n<ul>\n<li>Dise\u00f1ar el proyecto<\/li>\n\n\n\n<li>Dise\u00f1ar soluciones que involucren an\u00e1lisis de datos<\/li>\n\n\n\n<li>Realizar tareas de mantenimiento y optimizaci\u00f3n del sistema<\/li>\n\n\n\n<li>La\/el TS en Ciencia de Datos e IA est\u00e1 habilitado para desarrollar las funciones que se describen en el perfil profesional relacionadas con el dise\u00f1o y desarrollo de sistemas y\/o modelos que involucren el campo de la ciencia de datos e IA.<\/li>\n<\/ul>\n","protected":false},"excerpt":{"rendered":"<p>T\u00edtulo: T\u00e9cnico\/a Superior en Ciencia de Datos e Inteligencia Artificail Resoluci\u00f3n: 2730\/22 Click aqu\u00ed Carrera: Tecnicatura Superior en Ciencia de Datos e Inteligencia Artificial Duraci\u00f3n: 3 a\u00f1os La\/El T\u00e9cnica\/o Superior en Ciencia de Datos e Inteligencia Artificial estar\u00e1: capacitada\/o para realizar proyectos de innovaci\u00f3n que involucren actividades tanto del campo de la Ciencia de Datos &#8230; <a title=\"TECNICATURA SUPERIOR EN CIENCIA DE DATOS E INTELIGENCIA ARTIFICIAL\" class=\"read-more\" href=\"https:\/\/isfdyt57-bue.infd.edu.ar\/sitio\/tecnicatura-superior-en-ciencia-de-datos-e-inteligencia-artificial\/\" aria-label=\"More on TECNICATURA SUPERIOR EN CIENCIA DE DATOS E INTELIGENCIA ARTIFICIAL\">[+]<\/a><\/p>\n","protected":false},"author":396,"featured_media":0,"parent":0,"menu_order":0,"comment_status":"closed","ping_status":"closed","template":"","meta":[],"acf":[],"_links":{"self":[{"href":"https:\/\/isfdyt57-bue.infd.edu.ar\/sitio\/wp-json\/wp\/v2\/pages\/2172"}],"collection":[{"href":"https:\/\/isfdyt57-bue.infd.edu.ar\/sitio\/wp-json\/wp\/v2\/pages"}],"about":[{"href":"https:\/\/isfdyt57-bue.infd.edu.ar\/sitio\/wp-json\/wp\/v2\/types\/page"}],"author":[{"embeddable":true,"href":"https:\/\/isfdyt57-bue.infd.edu.ar\/sitio\/wp-json\/wp\/v2\/users\/396"}],"replies":[{"embeddable":true,"href":"https:\/\/isfdyt57-bue.infd.edu.ar\/sitio\/wp-json\/wp\/v2\/comments?post=2172"}],"version-history":[{"count":4,"href":"https:\/\/isfdyt57-bue.infd.edu.ar\/sitio\/wp-json\/wp\/v2\/pages\/2172\/revisions"}],"predecessor-version":[{"id":2469,"href":"https:\/\/isfdyt57-bue.infd.edu.ar\/sitio\/wp-json\/wp\/v2\/pages\/2172\/revisions\/2469"}],"wp:attachment":[{"href":"https:\/\/isfdyt57-bue.infd.edu.ar\/sitio\/wp-json\/wp\/v2\/media?parent=2172"}],"curies":[{"name":"wp","href":"https:\/\/api.w.org\/{rel}","templated":true}]}}