{"id":1616,"date":"2022-10-12T20:29:49","date_gmt":"2022-10-12T23:29:49","guid":{"rendered":"https:\/\/isfdyt57-bue.infd.edu.ar\/sitio\/?page_id=1616"},"modified":"2022-10-31T20:26:29","modified_gmt":"2022-10-31T23:26:29","slug":"tecnicatura-superior-en-trabajo-social","status":"publish","type":"page","link":"https:\/\/isfdyt57-bue.infd.edu.ar\/sitio\/tecnicatura-superior-en-trabajo-social\/","title":{"rendered":"Tecnicatura Superior en Trabajo Social"},"content":{"rendered":"\n<p><strong>T\u00edtulo: Tecnicatura Superior en Trabajo Social<\/strong><\/p>\n\n\n\n<p><strong>Resoluci\u00f3n:<\/strong>1666\/06 <strong><a href=\"https:\/\/isfdyt57-bue.infd.edu.ar\/sitio\/wp-content\/uploads\/2022\/10\/trabajosocialres1666-06.pdf\">Click aqu\u00ed<\/a><\/strong><\/p>\n\n\n\n<p><strong>Duraci\u00f3n: 4 a\u00f1os<\/strong><\/p>\n\n\n\n<p>El Trabajo Social como disciplina cient\u00edfica se inserta en el campo de las Ciencias Sociales incorporando conceptos y principios cient\u00edficos para intervenir en la realidad social constituy\u00e9ndose as\u00ed, en su principal fuente de conocimiento.<\/p>\n\n\n\n<p>Los conceptos e instrumentos metodol\u00f3gicos con los que trabaja, definen y diferencian al\/a&nbsp;<\/p>\n\n\n\n<p>Trabajador\/a Social, enriquecen la comprensi\u00f3n de las personas y contribuyen a su orientaci\u00f3n ante las problem\u00e1ticas sociales que plantean sus procesos socio-hist\u00f3ricos de<\/p>\n\n\n\n<p>configuraci\u00f3n.<\/p>\n\n\n\n<p>Entendi\u00e9ndose al Trabajo Social como una praxis social, tiende a promover en los sujetos<\/p>\n\n\n\n<p>una conciencia cr\u00edtica que le permite realizar la transformaci\u00f3n del mundo y transformarse, a trav\u00e9s de una constante interacci\u00f3n social.<\/p>\n\n\n\n<p>De esta manera, por su naturaleza, la carrera requiere de la teor\u00eda y de la pr\u00e1ctica pues<\/p>\n\n\n\n<p>\u00e9stas configuran una unidad indivisible para el conocimiento y modificaci\u00f3n de la realidad<\/p>\n\n\n\n<p>social.<\/p>\n\n\n\n<p>As\u00ed, el ejercicio profesional, la coherencia y autenticidad entre lo que se dice y lo que se<\/p>\n\n\n\n<p>hace, los pone en evidencia, dado que siempre el optar implica un compromiso \u00e9tico.<\/p>\n\n\n\n<p>De este modo, los contenidos curriculares establecidos en esta carrera, integran<\/p>\n\n\n\n<p>conocimientos te\u00f3ricos multidisciplinarios en un marco valorativo dado por la filosof\u00eda, la<\/p>\n\n\n\n<p>sociolog\u00eda, la epistemolog\u00eda, la psicolog\u00eda, la historia, la econom\u00eda, la cultura, etc. para<\/p>\n\n\n\n<p>lograr la cosmovisi\u00f3n humana.<\/p>\n\n\n\n<p>Por consiguiente se aspira a trav\u00e9s del Plan de Estudio de la Carrera Trabajo Social a que el\/la egresado\/a adquiera una s\u00f3lida formaci\u00f3n te\u00f3rica-metodol\u00f3gica basada en un pensamiento cr\u00edtico sobre el an\u00e1lisis de la cuesti\u00f3n social, que le permita implementar<\/p>\n\n\n\n<p>estrategias de intervenci\u00f3n que favorezcan acciones que respondan al conjunto de<\/p>\n\n\n\n<p>aspiraciones sociales y que tiendan a valorar el principio de autodeterminaci\u00f3n y la<\/p>\n\n\n\n<p>dignidad de las personas como ciudadanas, que poseen derechos universales, y como<\/p>\n\n\n\n<p>tales, inalienables que deben ser respetados en procura de una mejor calidad de vida, un<\/p>\n\n\n\n<p>desarrollo integral y una sociedad m\u00e1s justa.<\/p>\n\n\n\n<p>PERFIL PROFESIONAL<\/p>\n\n\n\n<p>El\/la Trabajador\/a Social es un\/a profesional competente para intervenir en diferentes espacios gubernamentales y no gubernamentales; capacitado para el abordaje de problem\u00e1ticas sociales e implementar alternativas de resoluci\u00f3n instrumentando metodolog\u00edas de la investigaci\u00f3n, elaborando diagn\u00f3sticos y planificaciones; asesorando, gestionando y coordinando acciones y recursos a trav\u00e9s de la sistematizaci\u00f3n de su pr\u00e1ctica profesional. Planificar, Orientar, Asesorar, Organizar, Conducir, Coordinar, Administrar y Evaluar acciones institucionales en diferentes niveles de funcionamiento y de decisi\u00f3n pol\u00edtica.<\/p>\n\n\n\n<p>Orientar, supervisar y capacitar equipos de trabajo.<\/p>\n\n\n\n<p>Organizar y coordinar actividades en instituciones con proyecci\u00f3n a la comunidad<\/p>\n\n\n\n<p>Trabajar en redes, optimizando el uso de los recursos existentes.<\/p>\n\n\n\n<p>Intervenir en y desde instituciones gubernamentales y no gubernamentales<\/p>\n\n\n\n<p>Generar trabajo independiente.<\/p>\n\n\n\n<p>Gestionar recursos y acciones propias de sus actividades profesionales.<\/p>\n\n\n\n<p>2.1 Generar, potenciar y\/ o fortalecer procesos de formaci\u00f3n comunitaria e institucional<\/p>\n\n\n\n<p>articulando necesidades e intereses de los sectores que participan del mismo y los<\/p>\n\n\n\n<p>objetivos de la instituci\u00f3n, tendiendo a la satisfacci\u00f3n y legitimaci\u00f3n de los Derechos<\/p>\n\n\n\n<p>Humanos.<\/p>\n\n\n\n<p>2.2 Manejar instrumentos que ofrecen la comunicaci\u00f3n y la inform\u00e1tica.<\/p>\n\n\n\n<p>2.3 Gestionar y administrar organizaciones sociales que atienden distintas<\/p>\n\n\n\n<p>problem\u00e1ticas.<\/p>\n\n\n\n<p>2.4 Conformar equipos de capacitaci\u00f3n en gesti\u00f3n para los recursos<\/p>\n\n\n\n<p>humanos.<\/p>\n\n\n\n<p>2.5 Participar en la gesti\u00f3n de Pol\u00edticas Sociales Estatales y no Estatales.<\/p>\n\n\n\n<p>1. Sistematizar la pr\u00e1ctica profesional.<\/p>\n\n\n\n<p>3.1 Elaborar informes, diagn\u00f3sticos sociales y estrategias de intervenci\u00f3n<\/p>\n\n\n\n<p>profesional en diferentes instancias del campo social relacionadas a<\/p>\n\n\n\n<p>situaciones problem\u00e1ticas abordadas.<\/p>\n\n\n\n<p>3.2 Fortalecer espacios de conocimientos e intervenci\u00f3n desde pr\u00e1cticas<\/p>\n\n\n\n<p>interdisciplinarias, a trav\u00e9s de estrategias promocionales autogestionarias,<\/p>\n\n\n\n<p>preventivas, asistenciales y de emergencia.<\/p>\n\n\n\n<p>3.3 Realizar aportes desde la especificidad profesional en equipos<\/p>\n\n\n\n<p>interdisciplinarios con relaci\u00f3n a la lectura, an\u00e1lisis e identificaci\u00f3n de la<\/p>\n\n\n\n<p>situaci\u00f3n abordada.<\/p>\n\n\n\n<p>3.4 Incorporar los aspectos socio-econ\u00f3mico-pol\u00edtico-culturales que<\/p>\n\n\n\n<p>condicionan la situaci\u00f3n abordada.<\/p>\n\n\n\n<p>3.5 Incorporar en los equipos interdisciplinarios la metodolog\u00eda de trabajo<\/p>\n\n\n\n<p>en sus dos dimensiones: al interior del equipo y en el abordaje de la<\/p>\n\n\n\n<p>situaci\u00f3n concreta.<\/p>\n\n\n\n<p><strong>\u00c1REA OCUPACIONAL<\/strong><\/p>\n\n\n\n<p>El\/la trabajador\/a social podr\u00e1 desempe\u00f1arse:<\/p>\n\n\n\n<p>\u2022 en organizaciones gubernamentales y no gubernamentales de distinto tipo y<\/p>\n\n\n\n<p>tama\u00f1o;<\/p>\n\n\n\n<p>\u2022 en funciones y roles diversos de acuerdo a las caracter\u00edsticas de las<\/p>\n\n\n\n<p>organizaciones, realizando peritajes, informes sociales y mediaci\u00f3n;<\/p>\n\n\n\n<p>\u2022 en programas y proyectos en el marco de Pol\u00edticas Sociales estatales y no<\/p>\n\n\n\n<p>estatales y;<\/p>\n\n\n\n<p>\u2022 participando en procesos de organizaci\u00f3n comunitaria y en equipos de trabajo.<\/p>\n","protected":false},"excerpt":{"rendered":"<p>T\u00edtulo: Tecnicatura Superior en Trabajo Social Resoluci\u00f3n:1666\/06 Click aqu\u00ed Duraci\u00f3n: 4 a\u00f1os El Trabajo Social como disciplina cient\u00edfica se inserta en el campo de las Ciencias Sociales incorporando conceptos y principios cient\u00edficos para intervenir en la realidad social constituy\u00e9ndose as\u00ed, en su principal fuente de conocimiento. Los conceptos e instrumentos metodol\u00f3gicos con los que trabaja, &#8230; <a title=\"Tecnicatura Superior en Trabajo Social\" class=\"read-more\" href=\"https:\/\/isfdyt57-bue.infd.edu.ar\/sitio\/tecnicatura-superior-en-trabajo-social\/\" aria-label=\"More on Tecnicatura Superior en Trabajo Social\">[+]<\/a><\/p>\n","protected":false},"author":396,"featured_media":0,"parent":0,"menu_order":0,"comment_status":"closed","ping_status":"closed","template":"","meta":[],"acf":[],"_links":{"self":[{"href":"https:\/\/isfdyt57-bue.infd.edu.ar\/sitio\/wp-json\/wp\/v2\/pages\/1616"}],"collection":[{"href":"https:\/\/isfdyt57-bue.infd.edu.ar\/sitio\/wp-json\/wp\/v2\/pages"}],"about":[{"href":"https:\/\/isfdyt57-bue.infd.edu.ar\/sitio\/wp-json\/wp\/v2\/types\/page"}],"author":[{"embeddable":true,"href":"https:\/\/isfdyt57-bue.infd.edu.ar\/sitio\/wp-json\/wp\/v2\/users\/396"}],"replies":[{"embeddable":true,"href":"https:\/\/isfdyt57-bue.infd.edu.ar\/sitio\/wp-json\/wp\/v2\/comments?post=1616"}],"version-history":[{"count":4,"href":"https:\/\/isfdyt57-bue.infd.edu.ar\/sitio\/wp-json\/wp\/v2\/pages\/1616\/revisions"}],"predecessor-version":[{"id":1637,"href":"https:\/\/isfdyt57-bue.infd.edu.ar\/sitio\/wp-json\/wp\/v2\/pages\/1616\/revisions\/1637"}],"wp:attachment":[{"href":"https:\/\/isfdyt57-bue.infd.edu.ar\/sitio\/wp-json\/wp\/v2\/media?parent=1616"}],"curies":[{"name":"wp","href":"https:\/\/api.w.org\/{rel}","templated":true}]}}