{"id":1510,"date":"2021-12-01T19:55:47","date_gmt":"2021-12-01T22:55:47","guid":{"rendered":"https:\/\/isfdyt57-bue.infd.edu.ar\/sitio\/?page_id=1510"},"modified":"2021-12-01T20:06:16","modified_gmt":"2021-12-01T23:06:16","slug":"tecnicatura-superior-en-hoteleria","status":"publish","type":"page","link":"https:\/\/isfdyt57-bue.infd.edu.ar\/sitio\/tecnicatura-superior-en-hoteleria\/","title":{"rendered":"Tecnicatura Superior en Hoteler\u00eda"},"content":{"rendered":"\n<p><strong>T\u00edtulo: T\u00e9cnico Superior en Hoteler\u00eda<\/strong><\/p>\n\n\n\n<p><strong>Resoluci\u00f3n: 2685\/20<\/strong><a href=\"https:\/\/isfdyt57-bue.infd.edu.ar\/sitio\/wp-content\/uploads\/2021\/12\/Tec.-Sup.-en-Hoteleria-2685-20.pdf\" data-type=\"URL\" data-id=\"https:\/\/isfdyt57-bue.infd.edu.ar\/sitio\/wp-content\/uploads\/2021\/12\/Tec.-Sup.-en-Hoteleria-2685-20.pdf\"><strong> Click aqu\u00ed<\/strong><\/a><\/p>\n\n\n\n<p><strong>Tecnicatura Superior en Hoteler\u00eda<\/strong><\/p>\n\n\n\n<p><strong>Duraci\u00f3n: 3 a\u00f1os<\/strong><\/p>\n","protected":false},"excerpt":{"rendered":"<p>T\u00edtulo: T\u00e9cnico Superior en Hoteler\u00eda Resoluci\u00f3n: 2685\/20 Click aqu\u00ed Tecnicatura Superior en Hoteler\u00eda Duraci\u00f3n: 3 a\u00f1os<\/p>\n","protected":false},"author":396,"featured_media":0,"parent":0,"menu_order":0,"comment_status":"closed","ping_status":"closed","template":"","meta":[],"acf":[],"_links":{"self":[{"href":"https:\/\/isfdyt57-bue.infd.edu.ar\/sitio\/wp-json\/wp\/v2\/pages\/1510"}],"collection":[{"href":"https:\/\/isfdyt57-bue.infd.edu.ar\/sitio\/wp-json\/wp\/v2\/pages"}],"about":[{"href":"https:\/\/isfdyt57-bue.infd.edu.ar\/sitio\/wp-json\/wp\/v2\/types\/page"}],"author":[{"embeddable":true,"href":"https:\/\/isfdyt57-bue.infd.edu.ar\/sitio\/wp-json\/wp\/v2\/users\/396"}],"replies":[{"embeddable":true,"href":"https:\/\/isfdyt57-bue.infd.edu.ar\/sitio\/wp-json\/wp\/v2\/comments?post=1510"}],"version-history":[{"count":7,"href":"https:\/\/isfdyt57-bue.infd.edu.ar\/sitio\/wp-json\/wp\/v2\/pages\/1510\/revisions"}],"predecessor-version":[{"id":1522,"href":"https:\/\/isfdyt57-bue.infd.edu.ar\/sitio\/wp-json\/wp\/v2\/pages\/1510\/revisions\/1522"}],"wp:attachment":[{"href":"https:\/\/isfdyt57-bue.infd.edu.ar\/sitio\/wp-json\/wp\/v2\/media?parent=1510"}],"curies":[{"name":"wp","href":"https:\/\/api.w.org\/{rel}","templated":true}]}}